{"id":159,"date":"2012-01-12T23:08:35","date_gmt":"2012-01-12T23:08:35","guid":{"rendered":"http:\/\/biologia.ufpa.br\/?page_id=159"},"modified":"2018-03-13T13:50:46","modified_gmt":"2018-03-13T13:50:46","slug":"centro-academico","status":"publish","type":"page","link":"https:\/\/biologia.ufpa.br\/?page_id=159","title":{"rendered":"Centro Acad\u00eamico"},"content":{"rendered":"<div style=\"background-repeat: no-repeat;\"><p style=\"text-align: justify;\">O Centro Acad\u00eamico de Biologia (CABIO) \u00e9 uma entidade estudantil formada por acad\u00eamicos regularmente matriculados na faculdade de ci\u00eancias biol\u00f3gicas.<\/p>\n<p style=\"text-align: justify;\">O CABIO desempenha diversas fun\u00e7\u00f5es, entre elas, a organiza\u00e7\u00e3o de atividades acad\u00eamicas extra-curriculares como discuss\u00f5es, palestras, semanas tem\u00e1ticas (Semana Acad\u00eamica de Biologia), simp\u00f3sios, recep\u00e7\u00e3o de calouros; a mobiliza\u00e7\u00e3o e organiza\u00e7\u00e3o de reivindica\u00e7\u00f5es dos estudantes; media\u00e7\u00e3o de negocia\u00e7\u00f5es e conflitos individuais e coletivos entre estudantes e a faculdade e a realiza\u00e7\u00e3o de atividades culturais como feiras vocacionais, festivais diversos, entre outros.<\/p>\n<p style=\"text-align: justify;\">A cada ano letivo existem elei\u00e7\u00f5es internas para a escolha dos integrantes\u00a0 que administrar\u00e3o o Centro Acad\u00eamico.<\/p>\n<p><strong>E-mail:\u00a0cabiom.ayres@gmail.com<\/strong><\/p>\n<p><strong>Site:<\/strong>\u00a0<a title=\"Site CABIO\" href=\"https:\/\/cabiomayres.wixsite.com\/cabioufpa\" target=\"_blank\">https:\/\/cabiomayres.wixsite.com\/cabioufpa<\/a><\/p>\n<p>&nbsp;<\/p>\n<p>&nbsp;<\/p>\n<\/div>","protected":false},"excerpt":{"rendered":"<p>O Centro Acad\u00eamico de Biologia (CABIO) \u00e9 uma entidade estudantil formada por acad\u00eamicos regularmente matriculados na faculdade de ci\u00eancias biol\u00f3gicas. O CABIO desempenha diversas fun\u00e7\u00f5es, entre elas, a organiza\u00e7\u00e3o de atividades acad\u00eamicas extra-curriculares como discuss\u00f5es, palestras, semanas tem\u00e1ticas (Semana Acad\u00eamica de Biologia), simp\u00f3sios, recep\u00e7\u00e3o de calouros; a mobiliza\u00e7\u00e3o e organiza\u00e7\u00e3o de reivindica\u00e7\u00f5es dos estudantes; media\u00e7\u00e3o &hellip; <a href=\"https:\/\/biologia.ufpa.br\/?page_id=159\" class=\"more-link\">Continue lendo <span class=\"screen-reader-text\">Centro Acad\u00eamico<\/span> <span class=\"meta-nav\">&rarr;<\/span><\/a><\/p>\n","protected":false},"author":1,"featured_media":0,"parent":0,"menu_order":0,"comment_status":"open","ping_status":"open","template":"","meta":{"ngg_post_thumbnail":0},"_links":{"self":[{"href":"https:\/\/biologia.ufpa.br\/index.php?rest_route=\/wp\/v2\/pages\/159"}],"collection":[{"href":"https:\/\/biologia.ufpa.br\/index.php?rest_route=\/wp\/v2\/pages"}],"about":[{"href":"https:\/\/biologia.ufpa.br\/index.php?rest_route=\/wp\/v2\/types\/page"}],"author":[{"embeddable":true,"href":"https:\/\/biologia.ufpa.br\/index.php?rest_route=\/wp\/v2\/users\/1"}],"replies":[{"embeddable":true,"href":"https:\/\/biologia.ufpa.br\/index.php?rest_route=%2Fwp%2Fv2%2Fcomments&post=159"}],"version-history":[{"count":12,"href":"https:\/\/biologia.ufpa.br\/index.php?rest_route=\/wp\/v2\/pages\/159\/revisions"}],"predecessor-version":[{"id":968,"href":"https:\/\/biologia.ufpa.br\/index.php?rest_route=\/wp\/v2\/pages\/159\/revisions\/968"}],"wp:attachment":[{"href":"https:\/\/biologia.ufpa.br\/index.php?rest_route=%2Fwp%2Fv2%2Fmedia&parent=159"}],"curies":[{"name":"wp","href":"https:\/\/api.w.org\/{rel}","templated":true}]}}