{"id":182,"date":"2012-01-13T00:02:22","date_gmt":"2012-01-13T00:02:22","guid":{"rendered":"http:\/\/biologia.ufpa.br\/?page_id=182"},"modified":"2019-06-19T13:04:03","modified_gmt":"2019-06-19T13:04:03","slug":"atividades-complementares-e-estagio","status":"publish","type":"page","link":"https:\/\/biologia.ufpa.br\/?page_id=182","title":{"rendered":"Atividades Complementares"},"content":{"rendered":"<div style=\"background-repeat: no-repeat;\"><h2>Atividades Complementares<\/h2>\n<p style=\"text-align: justify;\">Valoriza-se, al\u00e9m do conhecimento regular oferecido pela estrutura curricular, o conhecimento opcional, atendendo as aptid\u00f5es e\/ou necessidades individuais, tais como participa\u00e7\u00e3o em excurs\u00f5es e reuni\u00f5es; atua\u00e7\u00e3o em projetos de pesquisa ou extens\u00e3o; apresenta\u00e7\u00e3o de trabalhos em reuni\u00f5es cient\u00edficas; publica\u00e7\u00f5es de artigos cient\u00edficos; premia\u00e7\u00f5es, etc.<\/p>\n<h2>Mat\u00e9rias Optativas<\/h2>\n<p>Ao longo do curso o discente pode realizar diversas mat\u00e9rias optaivas ofertadas pela faculdade.<\/p>\n<p>&nbsp;<\/p>\n<p><a href=\"https:\/\/drive.google.com\/open?id=1hVNo26ylvRkLVMFNLQdOwhqxAsvqyN9e\"><strong>Aqui voc\u00ea poder\u00e1 acessar a TABELA DE CONVERS\u00c3O para c\u00e1lculo da carga hor\u00e1ria.<\/strong><\/a><\/p>\n<p>&nbsp;<\/p>\n<\/div>","protected":false},"excerpt":{"rendered":"<p>Atividades Complementares Valoriza-se, al\u00e9m do conhecimento regular oferecido pela estrutura curricular, o conhecimento opcional, atendendo as aptid\u00f5es e\/ou necessidades individuais, tais como participa\u00e7\u00e3o em excurs\u00f5es e reuni\u00f5es; atua\u00e7\u00e3o em projetos de pesquisa ou extens\u00e3o; apresenta\u00e7\u00e3o de trabalhos em reuni\u00f5es cient\u00edficas; publica\u00e7\u00f5es de artigos cient\u00edficos; premia\u00e7\u00f5es, etc. Mat\u00e9rias Optativas Ao longo do curso o discente pode &hellip; <a href=\"https:\/\/biologia.ufpa.br\/?page_id=182\" class=\"more-link\">Continue lendo <span class=\"screen-reader-text\">Atividades Complementares<\/span> <span class=\"meta-nav\">&rarr;<\/span><\/a><\/p>\n","protected":false},"author":1,"featured_media":0,"parent":0,"menu_order":0,"comment_status":"open","ping_status":"open","template":"","meta":{"ngg_post_thumbnail":0},"_links":{"self":[{"href":"https:\/\/biologia.ufpa.br\/index.php?rest_route=\/wp\/v2\/pages\/182"}],"collection":[{"href":"https:\/\/biologia.ufpa.br\/index.php?rest_route=\/wp\/v2\/pages"}],"about":[{"href":"https:\/\/biologia.ufpa.br\/index.php?rest_route=\/wp\/v2\/types\/page"}],"author":[{"embeddable":true,"href":"https:\/\/biologia.ufpa.br\/index.php?rest_route=\/wp\/v2\/users\/1"}],"replies":[{"embeddable":true,"href":"https:\/\/biologia.ufpa.br\/index.php?rest_route=%2Fwp%2Fv2%2Fcomments&post=182"}],"version-history":[{"count":15,"href":"https:\/\/biologia.ufpa.br\/index.php?rest_route=\/wp\/v2\/pages\/182\/revisions"}],"predecessor-version":[{"id":1062,"href":"https:\/\/biologia.ufpa.br\/index.php?rest_route=\/wp\/v2\/pages\/182\/revisions\/1062"}],"wp:attachment":[{"href":"https:\/\/biologia.ufpa.br\/index.php?rest_route=%2Fwp%2Fv2%2Fmedia&parent=182"}],"curies":[{"name":"wp","href":"https:\/\/api.w.org\/{rel}","templated":true}]}}