{"id":245,"date":"2012-02-29T22:42:55","date_gmt":"2012-02-29T22:42:55","guid":{"rendered":"http:\/\/biologia.ufpa.br\/?page_id=245"},"modified":"2012-02-29T22:43:57","modified_gmt":"2012-02-29T22:43:57","slug":"regulamentacao-graduacao","status":"publish","type":"page","link":"https:\/\/biologia.ufpa.br\/?page_id=245","title":{"rendered":"Regulamenta\u00e7\u00e3o Gradua\u00e7\u00e3o"},"content":{"rendered":"<p>Conhe\u00e7a o resumo da regulamenta\u00e7\u00e3o da gradua\u00e7\u00e3o clicando no link abaixo:<\/p>\n<p><a href=\"http:\/\/biologia.ufpa.br\/pdf\/resumo-regulamento-graduacao.pdf\"><strong>Resumo regulamenta\u00e7\u00e3o<\/strong><\/a><\/p>\n","protected":false},"excerpt":{"rendered":"<p>Conhe\u00e7a o resumo da regulamenta\u00e7\u00e3o da gradua\u00e7\u00e3o clicando no link abaixo: Resumo regulamenta\u00e7\u00e3o<\/p>\n","protected":false},"author":1,"featured_media":0,"parent":0,"menu_order":0,"comment_status":"open","ping_status":"open","template":"","meta":{"ngg_post_thumbnail":0},"_links":{"self":[{"href":"https:\/\/biologia.ufpa.br\/index.php?rest_route=\/wp\/v2\/pages\/245"}],"collection":[{"href":"https:\/\/biologia.ufpa.br\/index.php?rest_route=\/wp\/v2\/pages"}],"about":[{"href":"https:\/\/biologia.ufpa.br\/index.php?rest_route=\/wp\/v2\/types\/page"}],"author":[{"embeddable":true,"href":"https:\/\/biologia.ufpa.br\/index.php?rest_route=\/wp\/v2\/users\/1"}],"replies":[{"embeddable":true,"href":"https:\/\/biologia.ufpa.br\/index.php?rest_route=%2Fwp%2Fv2%2Fcomments&post=245"}],"version-history":[{"count":2,"href":"https:\/\/biologia.ufpa.br\/index.php?rest_route=\/wp\/v2\/pages\/245\/revisions"}],"predecessor-version":[{"id":247,"href":"https:\/\/biologia.ufpa.br\/index.php?rest_route=\/wp\/v2\/pages\/245\/revisions\/247"}],"wp:attachment":[{"href":"https:\/\/biologia.ufpa.br\/index.php?rest_route=%2Fwp%2Fv2%2Fmedia&parent=245"}],"curies":[{"name":"wp","href":"https:\/\/api.w.org\/{rel}","templated":true}]}}