{"id":250,"date":"2012-02-29T23:45:59","date_gmt":"2012-02-29T23:45:59","guid":{"rendered":"http:\/\/biologia.ufpa.br\/?page_id=250"},"modified":"2012-02-29T23:45:59","modified_gmt":"2012-02-29T23:45:59","slug":"pet-bio","status":"publish","type":"page","link":"https:\/\/biologia.ufpa.br\/?page_id=250","title":{"rendered":"PET-BIO"},"content":{"rendered":"<p><strong>T\u00edtulo do Projeto<\/strong>: Programa de Educa\u00e7\u00e3o Tutorial (PET-BIO)<br \/>\n<strong>Coordenadora<\/strong>: Professora Dr\u00aa. Maria L\u00facia Harada<strong><\/strong><br \/>\n<strong>Ag\u00eancia\/institui\u00e7\u00e3o fomentadora: UFPA<br \/>\n<\/strong><br \/>\n<strong>Descri\u00e7\u00e3o<\/strong>:<\/p>\n<p><strong><\/strong>O Grupo PET Biologia do ICB criado em 2008, inicialmente sob a lideran\u00e7a da Professora Dr\u00aa. Maria L\u00facia Harada e constitu\u00eddo por apenas tr\u00eas graduandos do curso de ci\u00eancias biol\u00f3gicas, vem sofrendo mudan\u00e7as ao longo de seus quatro anos de exist\u00eancia, amadurecendo significativamente suas atividades de pesquisa, ensino e extens\u00e3o, que s\u00e3o a base do Programa de Educa\u00e7\u00e3o Tutorial. Atualmente, o grupo tem como tutor o Professor Dr. Luiz Carlos Santana da Silva e \u00e9 composto por mais de dez petianos, incluindo bolsistas e volunt\u00e1rios. Atuando em diversos projetos envolvendo tanto a popula\u00e7\u00e3o, quanto a comunidade acad\u00eamica, o PET-BIO contribui com diversas atividades extracurriculares, como o CINE PET-BIO, que s\u00e3o sess\u00f5es de filmes e document\u00e1rios cient\u00edficos de exibi\u00e7\u00e3o livre; o ciclo de palestras chamado \u201cQuarta do Bi\u00f3logo\u201d, que tem como intuito apresentar aos acad\u00eamicos as linhas de pesquisa e as a\u00e7\u00f5es de extens\u00e3o do Instituto de Ci\u00eancias Biol\u00f3gicas. Como destaque de a\u00e7\u00e3o, focando o trip\u00e9 ensino, pesquisa e extens\u00e3o, o Grupo PET Biologia aprovou em 2011 junto ao MEC o projeto Sa\u00fade, Meio Ambiente e Estudos Antropogen\u00e9ticos na Comunidade de Fortalezinha (Ilha de Maiandeua \u2013 Maracan\u00e3 \/ PA), com as metas de aplicar no\u00e7\u00f5es de sa\u00fade b\u00e1sica, educa\u00e7\u00e3o ambiental e pesquisa, contribuindo para a inclus\u00e3o social e forma\u00e7\u00e3o cidad\u00e3 da popula\u00e7\u00e3o local. Neste \u00e2mbito, o Grupo PET Biologia em conjunto com os demais grupos de educa\u00e7\u00e3o tutorial da UFPA vem consolidando sua import\u00e2ncia nos cursos de gradua\u00e7\u00e3o e sua contribui\u00e7\u00e3o na melhoria do ensino em nossa Universidade.<\/p>\n","protected":false},"excerpt":{"rendered":"<p>T\u00edtulo do Projeto: Programa de Educa\u00e7\u00e3o Tutorial (PET-BIO) Coordenadora: Professora Dr\u00aa. Maria L\u00facia Harada Ag\u00eancia\/institui\u00e7\u00e3o fomentadora: UFPA Descri\u00e7\u00e3o: O Grupo PET Biologia do ICB criado em 2008, inicialmente sob a lideran\u00e7a da Professora Dr\u00aa. Maria L\u00facia Harada e constitu\u00eddo por apenas tr\u00eas graduandos do curso de ci\u00eancias biol\u00f3gicas, vem sofrendo mudan\u00e7as ao longo de seus &hellip; <a href=\"https:\/\/biologia.ufpa.br\/?page_id=250\" class=\"more-link\">Continue lendo <span class=\"screen-reader-text\">PET-BIO<\/span> <span class=\"meta-nav\">&rarr;<\/span><\/a><\/p>\n","protected":false},"author":1,"featured_media":0,"parent":0,"menu_order":0,"comment_status":"open","ping_status":"open","template":"","meta":{"ngg_post_thumbnail":0},"_links":{"self":[{"href":"https:\/\/biologia.ufpa.br\/index.php?rest_route=\/wp\/v2\/pages\/250"}],"collection":[{"href":"https:\/\/biologia.ufpa.br\/index.php?rest_route=\/wp\/v2\/pages"}],"about":[{"href":"https:\/\/biologia.ufpa.br\/index.php?rest_route=\/wp\/v2\/types\/page"}],"author":[{"embeddable":true,"href":"https:\/\/biologia.ufpa.br\/index.php?rest_route=\/wp\/v2\/users\/1"}],"replies":[{"embeddable":true,"href":"https:\/\/biologia.ufpa.br\/index.php?rest_route=%2Fwp%2Fv2%2Fcomments&post=250"}],"version-history":[{"count":1,"href":"https:\/\/biologia.ufpa.br\/index.php?rest_route=\/wp\/v2\/pages\/250\/revisions"}],"predecessor-version":[{"id":251,"href":"https:\/\/biologia.ufpa.br\/index.php?rest_route=\/wp\/v2\/pages\/250\/revisions\/251"}],"wp:attachment":[{"href":"https:\/\/biologia.ufpa.br\/index.php?rest_route=%2Fwp%2Fv2%2Fmedia&parent=250"}],"curies":[{"name":"wp","href":"https:\/\/api.w.org\/{rel}","templated":true}]}}