{"id":336,"date":"2012-11-13T17:46:57","date_gmt":"2012-11-13T17:46:57","guid":{"rendered":"http:\/\/biologia.ufpa.br\/?page_id=336"},"modified":"2012-11-27T20:02:38","modified_gmt":"2012-11-27T20:02:38","slug":"laboratorio-de-ultraestrutura-celular-lab-de-tecnicas-histologicas","status":"publish","type":"page","link":"https:\/\/biologia.ufpa.br\/?page_id=336","title":{"rendered":"Laborat\u00f3rio de Ultraestrutura Celular &#038; Lab. de T\u00e9cnicas Histol\u00f3gicas"},"content":{"rendered":"<p><strong><span style=\"color: #0000ff;\">Nome do Pesquisador \/ e-mail:\u00a0<\/span><\/strong>\u00a0Rossineide Martins da Rocha (Email &#8211; rmrocha@ufpa.br)<\/p>\n<p><strong><span style=\"color: #0000ff;\">Local \u2013 Endere\u00e7o:\u00a0<\/span><\/strong><\/p>\n<p>UFPA, ICB \u2013 Cidade Universit\u00e1ria Prof. Jos\u00e9 da Silveira Neto<\/p>\n<p><strong><span style=\"color: #0000ff;\">Linhas de Pesquisa:\u00a0<\/span><\/strong><\/p>\n<p>Biologia reprodutiva de animais aqu\u00e1ticos<\/p>\n<p><strong><span style=\"color: #0000ff;\">Publica\u00e7\u00f5es:\u00a0<\/span><\/strong><\/p>\n<ol>\n<li>FERREIRA, M. A. P. ; Lima M. Y. S ; SANTOS, S. S. D. ; ROCHA, R. M. . The stage of ovarian development affects organ expression of vitellogenin as well as the morphometry and ultrastructure of germ cells in the freshwater pr awn Macrobrachium amazonicum(Heller, 1862) .. Theriogenology , v. 78, p. 981-990, 2012.<\/li>\n<li>Barbosa, N. ; ROCHA, R. M. ; FREDOU, F. L. . The reproductive biology of Plagioscion squamosissimus (Heckel, 1840) in the Par\u00e1 River estuary (Amazon Estuary). Journal of Applied Ichthyology, v. 28, p. 800-805, 2012.<\/li>\n<\/ol>\n<p><strong><span style=\"color: #0000ff;\">\u00a0Imagens do laborat\u00f3rio:\u00a0<\/span><\/strong><\/p>\n\n\n\t<div class='ngg-imagebrowser'\n         id='ngg-imagebrowser-a328df33ab903517a906647405291be5-336'\n         data-nextgen-gallery-id=\"a328df33ab903517a906647405291be5\">\n\n        <h3>laboratrio-de-ultraestrutura-celular<\/h3>\n\n        <div id=\"ngg-image-0\" class=\"pic\" >\n\n        <a href='https:\/\/biologia.ufpa.br\/wp-content\/gallery\/fotos%20icb\/laboratrio-de-ultraestrutura-celular.jpg'\n           title=' '\n           data-src=\"https:\/\/biologia.ufpa.br\/wp-content\/gallery\/fotos%20icb\/laboratrio-de-ultraestrutura-celular.jpg\"\n           data-thumbnail=\"https:\/\/biologia.ufpa.br\/wp-content\/gallery\/fotos%20icb\/thumbs\/thumbs_laboratrio-de-ultraestrutura-celular.jpg\"\n           data-image-id=\"25\"\n           data-title=\"laboratrio-de-ultraestrutura-celular\"\n           data-description=\" \"\n           class=\"shutterset_a328df33ab903517a906647405291be5\">\n            <img title='laboratrio-de-ultraestrutura-celular'\n                 alt='laboratrio-de-ultraestrutura-celular'\n                 src='https:\/\/biologia.ufpa.br\/wp-content\/gallery\/fotos%20icb\/laboratrio-de-ultraestrutura-celular.jpg'\/>\n        <\/a>\n\n        <\/div> \n\n        <div class='ngg-imagebrowser-nav'>\n\n            <div class='back'>\n                <a class='ngg-browser-prev'\n                   id='ngg-prev-82'\n                   href='https:\/\/biologia.ufpa.br\/index.php\/nggallery\/image\/selo-de-qualidade-ciencias-biologicas-bacharelado?page_id=336'>\n                    &#9668; Back                <\/a>\n            <\/div>\n\n            <div class='next'>\n                <a class='ngg-browser-next'\n                   id='ngg-next-79'\n                   href='https:\/\/biologia.ufpa.br\/index.php\/nggallery\/image\/instituto-de-ciencias-biologicas-pavilhao-dos-laboratorios-de-pesquisa-e-administracao-1?page_id=336'>\n                    Next                    &#9658;\n                <\/a>\n            <\/div>\n\n            <div class='counter'>\n                Picture                1                of                5            <\/div>\n\n            <div class='ngg-imagebrowser-desc'>\n                <p> <\/p>\n            <\/div>\n\n        <\/div>\n    <\/div>\n\n\n","protected":false},"excerpt":{"rendered":"<p>Nome do Pesquisador \/ e-mail:\u00a0\u00a0Rossineide Martins da Rocha (Email &#8211; rmrocha@ufpa.br) Local \u2013 Endere\u00e7o:\u00a0 UFPA, ICB \u2013 Cidade Universit\u00e1ria Prof. Jos\u00e9 da Silveira Neto Linhas de Pesquisa:\u00a0 Biologia reprodutiva de animais aqu\u00e1ticos Publica\u00e7\u00f5es:\u00a0 FERREIRA, M. A. P. ; Lima M. Y. S ; SANTOS, S. S. D. ; ROCHA, R. M. . The stage of &hellip; <a href=\"https:\/\/biologia.ufpa.br\/?page_id=336\" class=\"more-link\">Continue lendo <span class=\"screen-reader-text\">Laborat\u00f3rio de Ultraestrutura Celular &#038; Lab. de T\u00e9cnicas Histol\u00f3gicas<\/span> <span class=\"meta-nav\">&rarr;<\/span><\/a><\/p>\n","protected":false},"author":1,"featured_media":0,"parent":0,"menu_order":0,"comment_status":"open","ping_status":"open","template":"","meta":{"ngg_post_thumbnail":0},"_links":{"self":[{"href":"https:\/\/biologia.ufpa.br\/index.php?rest_route=\/wp\/v2\/pages\/336"}],"collection":[{"href":"https:\/\/biologia.ufpa.br\/index.php?rest_route=\/wp\/v2\/pages"}],"about":[{"href":"https:\/\/biologia.ufpa.br\/index.php?rest_route=\/wp\/v2\/types\/page"}],"author":[{"embeddable":true,"href":"https:\/\/biologia.ufpa.br\/index.php?rest_route=\/wp\/v2\/users\/1"}],"replies":[{"embeddable":true,"href":"https:\/\/biologia.ufpa.br\/index.php?rest_route=%2Fwp%2Fv2%2Fcomments&post=336"}],"version-history":[{"count":4,"href":"https:\/\/biologia.ufpa.br\/index.php?rest_route=\/wp\/v2\/pages\/336\/revisions"}],"predecessor-version":[{"id":375,"href":"https:\/\/biologia.ufpa.br\/index.php?rest_route=\/wp\/v2\/pages\/336\/revisions\/375"}],"wp:attachment":[{"href":"https:\/\/biologia.ufpa.br\/index.php?rest_route=%2Fwp%2Fv2%2Fmedia&parent=336"}],"curies":[{"name":"wp","href":"https:\/\/api.w.org\/{rel}","templated":true}]}}