{"id":348,"date":"2012-11-13T18:14:04","date_gmt":"2012-11-13T18:14:04","guid":{"rendered":"http:\/\/biologia.ufpa.br\/?page_id=348"},"modified":"2012-11-27T19:52:11","modified_gmt":"2012-11-27T19:52:11","slug":"laboratorio-de-neurodegeneracao-e-infeccao","status":"publish","type":"page","link":"https:\/\/biologia.ufpa.br\/?page_id=348","title":{"rendered":"Laborat\u00f3rio de Neurodegenera\u00e7\u00e3o e Infec\u00e7\u00e3o"},"content":{"rendered":"<p><strong><span style=\"color: #0000ff;\">Nome dos Pesquisadores \/ e-mail:<\/span>\u00a0<\/strong><\/p>\n<p>Cristovam Wanderley Pican\u00e7o Diniz \/ Email &#8211; cwpdiniz@gmail.com (Chefe do Laborat\u00f3rio)<\/p>\n<p>Daniel Guerreiro Diniz \/ Email &#8211; danielguerreirodiniz@gmail.com (Doutorando)<\/p>\n<p><strong><span style=\"color: #0000ff;\">Local \u2013 Endere\u00e7o:<\/span><\/strong><\/p>\n<p>Rua dos Mundurucus, n\u00ba4487, S\u00e3o Br\u00e1s, CEP 66063-023, Hospital Universit\u00e1rio Jo\u00e3o de Barros Barreto \/ Laborat\u00f3rio de Neurodegenera\u00e7\u00e3o e Infec\u00e7\u00e3o.<\/p>\n<p><strong><span style=\"color: #0000ff;\">Linhas de Pesquisa:<\/span><\/strong><\/p>\n<ol>\n<li>Estudos Experimentais das Altera\u00e7\u00f5es do Sistema Nervoso induzidas pela Dengue: aspectos comportamentais e neuropatol\u00f3gicos<\/li>\n<li>\u00a0Fisiopatologia, altera\u00e7\u00f5es comportamentais e estrat\u00e9gias terap\u00eauticas no envelhecimento com \u00eanfase na doen\u00e7a de Alzheimer<\/li>\n<\/ol>\n<p><strong><span style=\"color: #0000ff;\">Publica\u00e7\u00f5es:<\/span><\/strong><\/p>\n<ol>\n<li>DINIZ, D. G. ; <a title=\"Clique para visualizar o curr\u00edculo\" href=\"http:\/\/lattes.cnpq.br\/5127452420961354\" target=\"_blank\">FORO, C. A. R.<\/a> ; <a href=\"http:\/\/lattes.cnpq.br\/4928754571684590\" target=\"_blank\">TURIEL, M. C. P.<\/a> ; <a title=\"Clique para visualizar o curr\u00edculo\" href=\"http:\/\/lattes.cnpq.br\/7881527576747420\" target=\"_blank\">SOSTHENES, M. C. K.<\/a> ; DEMACKI, S. ; <a title=\"Clique para visualizar o curr\u00edculo\" href=\"http:\/\/lattes.cnpq.br\/0173917187545475\" target=\"_blank\">GOMES, G. F.<\/a> ; REGO, C. M. D. ; MAGALH\u00c3ES, M. C. ; PINHO, B. G. ; RAMOS, J. P. ; CASSEB, S. M. M. ; BRITO, M. V. ; SILVA, E. V. P. ; NUNES, M. R. T. ; <a title=\"Clique para visualizar o curr\u00edculo\" href=\"http:\/\/lattes.cnpq.br\/3850460442622655\" target=\"_blank\">DINIZ, J. A. P.<\/a> ; CUNNIGHAM, C. ; <a title=\"Clique para visualizar o curr\u00edculo\" href=\"http:\/\/lattes.cnpq.br\/0973550817356564\" target=\"_blank\">VASCONCELOS, P. F. C.<\/a> ; <a title=\"Clique para visualizar o curr\u00edculo\" href=\"http:\/\/lattes.cnpq.br\/2014918752636286\" target=\"_blank\">Pican\u00e7o-Diniz, C. W.<\/a> . Environmental influences on antibody-enhanced dengue disease outcomes induced by serial infections of DENV3 genotype III and anti-DENV2 antibodies in murine model. Mem\u00f3rias do Instituto Oswaldo Cruz (Impresso), 2012. (artigo aceito para publica\u00e7\u00e3o).<\/li>\n<li>\u00a0DINIZ, D. G. ; <a title=\"Clique para visualizar o curr\u00edculo\" href=\"http:\/\/lattes.cnpq.br\/5127452420961354\" target=\"_blank\">FORO, C. A. R.<\/a> ; REGO, C. M. D. ; GLORIA, D. A. ; <a href=\"http:\/\/lattes.cnpq.br\/0175311876009831\" target=\"_blank\">OLIVEIRA, F. R. R.<\/a> ; PAES, J. M. P. ; <a title=\"Clique para visualizar o curr\u00edculo\" href=\"http:\/\/lattes.cnpq.br\/5581585210022226\" target=\"_blank\">SOUSA, A. A.<\/a> ; <a title=\"Clique para visualizar o curr\u00edculo\" href=\"http:\/\/lattes.cnpq.br\/0166331860261993\" target=\"_blank\">TOKUHASHI, T. P.<\/a> ; TRINDADE, L. S. ; <a title=\"Clique para visualizar o curr\u00edculo\" href=\"http:\/\/lattes.cnpq.br\/4928754571684590\" target=\"_blank\">TURIEL, M. C. P.<\/a> ; VASCONCELOS, E. G. R. ; BENTO TORRES, J. ; CUNNIGHAM, C. ; PERRY, V. H. ; <a href=\"http:\/\/lattes.cnpq.br\/0973550817356564\" target=\"_blank\">VASCONCELOS, P. F. C.<\/a> ; <a title=\"Clique para visualizar o curr\u00edculo\" href=\"http:\/\/lattes.cnpq.br\/2014918752636286\" target=\"_blank\">PICAN\u00c7O DINIZ, C. W.<\/a> . Environmental impoverishment and aging alter object recognition, spatial learning, and dentate gyrus astrocytes. European Journal of Neuroscience (Print), v. 32, p. 509-519, 2010. Cita\u00e7\u00f5es:<a href=\"http:\/\/gateway.webofknowledge.com\/gateway\/Gateway.cgi?GWVersion=2&amp;SrcApp=PARTNER_APP&amp;SrcAuth=LinksAMR&amp;KeyUT=000280631600019&amp;DestLinkType=CitingArticles&amp;DestApp=ALL_WOS&amp;UsrCustomerID=83e8e710a8e621f095e069bfe7c1e2bd\" target=\"_blank\">5<\/a><a href=\"http:\/\/www.scopus.com\/scopus\/inward\/citedby.url?partnerID=bb5nvXTn&amp;rel=R6.0.0&amp;doi=10.1111\/j.1460-9568.2010.07296.x&amp;md5=8705a1cc3dbddb54d56090c5d2b1cf1f\" target=\"_blank\">|6<\/a><\/li>\n<\/ol>\n<p><strong><span style=\"color: #0000ff;\">Imagens do laborat\u00f3rio:<\/span><\/strong><\/p>\n\n\n<div class=\"ngg-galleryoverview ngg-slideshow\"\n\t id=\"ngg-slideshow-23991fe70012bdaf03e0ad5e202f10cc-20097470480\"\n     data-gallery-id=\"23991fe70012bdaf03e0ad5e202f10cc\"\n     style=\"max-width: 320px; max-height: 240px;\">\n\n \t<div id=\"ngg-image-0\" class=\"ngg-gallery-slideshow-image\" style=\"height:240px\">\n\n        <a href=\"https:\/\/biologia.ufpa.br\/wp-content\/gallery\/formandos%20biologia\/51f3986f-8030-499e-9931-4e692e31ffe6.jpg\"\n           title=\"\"\n           data-src=\"https:\/\/biologia.ufpa.br\/wp-content\/gallery\/formandos%20biologia\/51f3986f-8030-499e-9931-4e692e31ffe6.jpg\"\n           data-thumbnail=\"https:\/\/biologia.ufpa.br\/wp-content\/gallery\/formandos%20biologia\/thumbs\/thumbs_51f3986f-8030-499e-9931-4e692e31ffe6.jpg\"\n           data-image-id=\"75\"\n           data-title=\"TURMA DE BACHARELADO 2013\"\n           data-description=\"\"\n           class=\"shutterset_23991fe70012bdaf03e0ad5e202f10cc\">\n\n            <img data-image-id='75'\n                 title=\"\"\n                 alt=\"TURMA DE BACHARELADO 2013\"\n                 src=\"https:\/\/biologia.ufpa.br\/wp-content\/gallery\/formandos%20biologia\/51f3986f-8030-499e-9931-4e692e31ffe6.jpg\"\n                 style=\"max-height: 220px;\"\/>\n        <\/a>\n\n        <\/div> \n<div id=\"ngg-image-1\" class=\"ngg-gallery-slideshow-image\" style=\"height:240px\">\n\n        <a href=\"https:\/\/biologia.ufpa.br\/wp-content\/gallery\/formandos%20biologia\/896e7314-153c-4f34-a432-6bc5e0def1c7.jpg\"\n           title=\"\"\n           data-src=\"https:\/\/biologia.ufpa.br\/wp-content\/gallery\/formandos%20biologia\/896e7314-153c-4f34-a432-6bc5e0def1c7.jpg\"\n           data-thumbnail=\"https:\/\/biologia.ufpa.br\/wp-content\/gallery\/formandos%20biologia\/thumbs\/thumbs_896e7314-153c-4f34-a432-6bc5e0def1c7.jpg\"\n           data-image-id=\"72\"\n           data-title=\"TURMA DE BACHARELADO 2013\"\n           data-description=\"\"\n           class=\"shutterset_23991fe70012bdaf03e0ad5e202f10cc\">\n\n            <img data-image-id='72'\n                 title=\"\"\n                 alt=\"TURMA DE BACHARELADO 2013\"\n                 src=\"https:\/\/biologia.ufpa.br\/wp-content\/gallery\/formandos%20biologia\/896e7314-153c-4f34-a432-6bc5e0def1c7.jpg\"\n                 style=\"max-height: 220px;\"\/>\n        <\/a>\n\n        <\/div> \n<div id=\"ngg-image-2\" class=\"ngg-gallery-slideshow-image\" style=\"height:240px\">\n\n        <a href=\"https:\/\/biologia.ufpa.br\/wp-content\/gallery\/formandos%20biologia\/a39506aa-3788-46c3-b491-26253f896b41.jpg\"\n           title=\"\"\n           data-src=\"https:\/\/biologia.ufpa.br\/wp-content\/gallery\/formandos%20biologia\/a39506aa-3788-46c3-b491-26253f896b41.jpg\"\n           data-thumbnail=\"https:\/\/biologia.ufpa.br\/wp-content\/gallery\/formandos%20biologia\/thumbs\/thumbs_a39506aa-3788-46c3-b491-26253f896b41.jpg\"\n           data-image-id=\"73\"\n           data-title=\"TURMA DE BACHARELADO 2013\"\n           data-description=\"\"\n           class=\"shutterset_23991fe70012bdaf03e0ad5e202f10cc\">\n\n            <img data-image-id='73'\n                 title=\"\"\n                 alt=\"TURMA DE BACHARELADO 2013\"\n                 src=\"https:\/\/biologia.ufpa.br\/wp-content\/gallery\/formandos%20biologia\/a39506aa-3788-46c3-b491-26253f896b41.jpg\"\n                 style=\"max-height: 220px;\"\/>\n        <\/a>\n\n        <\/div> \n<div id=\"ngg-image-3\" class=\"ngg-gallery-slideshow-image\" style=\"height:240px\">\n\n        <a href=\"https:\/\/biologia.ufpa.br\/wp-content\/gallery\/formandos%20biologia\/eb9f28bb-9b4a-4216-af70-31cd592a1768.jpg\"\n           title=\"\"\n           data-src=\"https:\/\/biologia.ufpa.br\/wp-content\/gallery\/formandos%20biologia\/eb9f28bb-9b4a-4216-af70-31cd592a1768.jpg\"\n           data-thumbnail=\"https:\/\/biologia.ufpa.br\/wp-content\/gallery\/formandos%20biologia\/thumbs\/thumbs_eb9f28bb-9b4a-4216-af70-31cd592a1768.jpg\"\n           data-image-id=\"74\"\n           data-title=\"TURMA DE LICENCIATURA 2013\"\n           data-description=\"\"\n           class=\"shutterset_23991fe70012bdaf03e0ad5e202f10cc\">\n\n            <img data-image-id='74'\n                 title=\"\"\n                 alt=\"TURMA DE LICENCIATURA 2013\"\n                 src=\"https:\/\/biologia.ufpa.br\/wp-content\/gallery\/formandos%20biologia\/eb9f28bb-9b4a-4216-af70-31cd592a1768.jpg\"\n                 style=\"max-height: 220px;\"\/>\n        <\/a>\n\n        <\/div> \n<div id=\"ngg-image-4\" class=\"ngg-gallery-slideshow-image\" style=\"height:240px\">\n\n        <a href=\"https:\/\/biologia.ufpa.br\/wp-content\/gallery\/formandos%20biologia\/0dc675fc-4276-4bcc-9a69-2f5a9ee8f79b.jpg\"\n           title=\"\"\n           data-src=\"https:\/\/biologia.ufpa.br\/wp-content\/gallery\/formandos%20biologia\/0dc675fc-4276-4bcc-9a69-2f5a9ee8f79b.jpg\"\n           data-thumbnail=\"https:\/\/biologia.ufpa.br\/wp-content\/gallery\/formandos%20biologia\/thumbs\/thumbs_0dc675fc-4276-4bcc-9a69-2f5a9ee8f79b.jpg\"\n           data-image-id=\"71\"\n           data-title=\"TURMA DE LICENCIATURA 2013\"\n           data-description=\"\"\n           class=\"shutterset_23991fe70012bdaf03e0ad5e202f10cc\">\n\n            <img data-image-id='71'\n                 title=\"\"\n                 alt=\"TURMA DE LICENCIATURA 2013\"\n                 src=\"https:\/\/biologia.ufpa.br\/wp-content\/gallery\/formandos%20biologia\/0dc675fc-4276-4bcc-9a69-2f5a9ee8f79b.jpg\"\n                 style=\"max-height: 220px;\"\/>\n        <\/a>\n\n        <\/div> \n<\/div>\n\n\n\t\t<!-- Thumbnails Link -->\n\t<div class=\"slideshowlink\" style=\"max-width: 320px;\">\n        <a href='https:\/\/biologia.ufpa.br\/index.php\/nggallery\/thumbnails?page_id=348'>[Show picture list]<\/a>\n\t<\/div>\n\n\n","protected":false},"excerpt":{"rendered":"<p>Nome dos Pesquisadores \/ e-mail:\u00a0 Cristovam Wanderley Pican\u00e7o Diniz \/ Email &#8211; cwpdiniz@gmail.com (Chefe do Laborat\u00f3rio) Daniel Guerreiro Diniz \/ Email &#8211; danielguerreirodiniz@gmail.com (Doutorando) Local \u2013 Endere\u00e7o: Rua dos Mundurucus, n\u00ba4487, S\u00e3o Br\u00e1s, CEP 66063-023, Hospital Universit\u00e1rio Jo\u00e3o de Barros Barreto \/ Laborat\u00f3rio de Neurodegenera\u00e7\u00e3o e Infec\u00e7\u00e3o. Linhas de Pesquisa: Estudos Experimentais das Altera\u00e7\u00f5es do &hellip; <a href=\"https:\/\/biologia.ufpa.br\/?page_id=348\" class=\"more-link\">Continue lendo <span class=\"screen-reader-text\">Laborat\u00f3rio de Neurodegenera\u00e7\u00e3o e Infec\u00e7\u00e3o<\/span> <span class=\"meta-nav\">&rarr;<\/span><\/a><\/p>\n","protected":false},"author":1,"featured_media":0,"parent":0,"menu_order":0,"comment_status":"open","ping_status":"open","template":"","meta":{"ngg_post_thumbnail":0},"_links":{"self":[{"href":"https:\/\/biologia.ufpa.br\/index.php?rest_route=\/wp\/v2\/pages\/348"}],"collection":[{"href":"https:\/\/biologia.ufpa.br\/index.php?rest_route=\/wp\/v2\/pages"}],"about":[{"href":"https:\/\/biologia.ufpa.br\/index.php?rest_route=\/wp\/v2\/types\/page"}],"author":[{"embeddable":true,"href":"https:\/\/biologia.ufpa.br\/index.php?rest_route=\/wp\/v2\/users\/1"}],"replies":[{"embeddable":true,"href":"https:\/\/biologia.ufpa.br\/index.php?rest_route=%2Fwp%2Fv2%2Fcomments&post=348"}],"version-history":[{"count":3,"href":"https:\/\/biologia.ufpa.br\/index.php?rest_route=\/wp\/v2\/pages\/348\/revisions"}],"predecessor-version":[{"id":351,"href":"https:\/\/biologia.ufpa.br\/index.php?rest_route=\/wp\/v2\/pages\/348\/revisions\/351"}],"wp:attachment":[{"href":"https:\/\/biologia.ufpa.br\/index.php?rest_route=%2Fwp%2Fv2%2Fmedia&parent=348"}],"curies":[{"name":"wp","href":"https:\/\/api.w.org\/{rel}","templated":true}]}}