{"id":35,"date":"2011-06-10T22:56:00","date_gmt":"2011-06-10T22:56:00","guid":{"rendered":"http:\/\/biologia.ufpa.br\/?page_id=35"},"modified":"2021-06-11T01:56:44","modified_gmt":"2021-06-11T01:56:44","slug":"portal-do-tcc","status":"publish","type":"page","link":"https:\/\/biologia.ufpa.br\/?page_id=35","title":{"rendered":"Portal do TCC"},"content":{"rendered":"<div style=\"background-repeat: no-repeat;\"><p>Prezados e prezadas discentes,<\/p>\n<p>Divulgamos informa\u00e7\u00f5es a respeito das <span style=\"color: #ff0000;\"><strong>MATR\u00cdCULAS EM INICIA\u00c7\u00c3O AO TCC e TCC PARA O PER\u00cdODO LETIVO 2\/2021 (PL-2).<\/strong><\/span><\/p>\n<p><br>1. PARA MATR\u00cdCULA \u00c9 NECESS\u00c1RIO:<\/p>\n<p>1.1 TERMO DE ACEITE (acesse link abaixo) devidamente preenchido e assinado. O Termo DEVER\u00c1 SER ENVIADO PELO(A) ORIENTADOR(A), VIA E-MAIL, para: tccfacbio@gmail.com , <span style=\"color: #ff0000;\"><strong>AT\u00c9 O DIA 12 DE JULHO DE 2021.<\/strong><\/span><\/p>\n<p><br>2. PODER\u00c1 ORIENTAR:<\/p>\n<p>2.1 Docente da Faculdade de Ci\u00eancias Biol\u00f3gicas com v\u00ednculo efetivo, membro do conselho, sendo dispensado coorientador;<\/p>\n<p>2.2 Docente da UFPA com v\u00ednculo efetivo, desde que credenciado pelo Conselho da Faculdade, sendo dispensado coorientador;<\/p>\n<p>2.3 Profissional externo \u00e0 UFPA com t\u00edtulo de Doutor, que possua v\u00ednculo empregat\u00edcio com empresa ou institui\u00e7\u00e3o, desde que credenciado pelo conselho da Faculdade, sendo obrigat\u00f3rio coorientador membro do Conselho da Faculdade.<\/p>\n<p><strong>Acesse a&nbsp; PLANILHA COM OFERTA DE VAGAS DE ORIENTA\u00c7\u00c3O (<i><a href=\"https:\/\/drive.google.com\/file\/d\/1fvLILjbWb1VS1s2-8H7LUVzhdPEFkBCQ\/view?usp=sharing\">Clique aqui<\/a>)<\/i><\/strong><i>. O(a) aluno(a) poder\u00e1 buscar outros orientadores al\u00e9m dos que constam no documento, respeitadas as regras acima<\/i><\/p>\n<p>OBS 1: EM NENHUMA HIP\u00d3TESE SER\u00c1 PERMITIDA ORIENTA\u00c7\u00c3O POR DOCENTE VISITANTE OU SUBSTITUTO.<\/p>\n<p>OBS 2: Os crit\u00e9rios relacionados ao Trabalho de Conclus\u00e3o de Curso est\u00e3o normatizados pelo Cap\u00edtulo VIII do Regulamento do Ensino de Gradua\u00e7\u00e3o da UFPA.<\/p>\n<p>&nbsp;<\/p>\n<h3><strong>Abaixo voc\u00ea confere todos os documentos referentes \u00e0s atividades de Inicia\u00e7\u00e3o ao TCC e TCC da&nbsp;&nbsp;Faculdade de Biologia:<\/strong><\/h3>\n<h5 align=\"center\">&nbsp;<\/h5>\n<h5 style=\"text-align: justify;\" align=\"center\"><a href=\"https:\/\/drive.google.com\/open?id=1hzIxU_J44HCf24TGYhq-3WspZ3OHlcNj\"><span lang=\"PT\">NORMATIZA\u00c7\u00c3O DE PROCEDIMENTOS ACAD\u00caMICOS E CIENT\u00cdFICOS PARA O&nbsp;<\/span><span lang=\"PT\">TRABALHO DE CONCUS\u00c3O DE CURSO &#8211; TCC&nbsp;<\/span><\/a><\/h5>\n<h5><a href=\"https:\/\/drive.google.com\/open?id=1tHfb8cM0jFhQM-UoD8GZ2ZHeNwFlxvcf\">NORMAS PARA ESTRUTURA\u00c7\u00c3O DE TCC CONTENDO ARTIGO CIENT\u00cdFICO<\/a><\/h5>\n<h5>&nbsp;<\/h5>\n<h5>FORMUL\u00c1RIOS:<\/h5>\n<h5><strong><span style=\"color: #ff0000;\">INICIA\u00c7\u00c3O AO TCC<\/span><\/strong><\/h5>\n<h5><strong><a href=\"https:\/\/drive.google.com\/file\/d\/1LckU57De7Ze8dpOYz55JoOVMoFnqDKt0\/view?usp=sharing\">Termo Aceite Inicia\u00e7\u00e3o ao TCC <\/a><\/strong><\/h5>\n<h5><a href=\"https:\/\/drive.google.com\/open?id=1gDQBgJPlIc54-UwAlJrSrDuNiEn77Yb8\"><strong>Formul\u00e1rio para Credenciamento de Orientador<\/strong><\/a> <span style=\"color: #800000;\"><strong>(somente para orientadores externos \u00e0 UFPA n\u00e3o cadastrados no Sigaa)<\/strong><\/span><\/h5>\n<h5>&nbsp;<\/h5>\n<h5>&nbsp;<\/h5>\n<h5><span style=\"color: #ff0000;\"><strong>TCC<\/strong><\/span><\/h5>\n<h5><span style=\"color: #800000;\"><strong><a href=\"https:\/\/drive.google.com\/file\/d\/1nBRKdcA8DztqExtvxBe9FZXgw2G3saFY\/view?usp=sharing\"><span style=\"color: #800000;\">Termo de aceite TCC<\/span><\/a><\/strong><\/span><\/h5>\n<h5><span style=\"color: #800000;\"><a href=\"https:\/\/drive.google.com\/open?id=1gDQBgJPlIc54-UwAlJrSrDuNiEn77Yb8\"><span style=\"color: #800000;\"><strong>Formul\u00e1rio para Credenciamento de Orientador<\/strong><\/span><\/a><strong>&nbsp;(somente para orientadores externos \u00e0 UFPA n\u00e3o cadastrados no Sigaa)<\/strong><\/span><\/h5>\n<h5><span style=\"color: #800000;\"><strong><a href=\"https:\/\/docs.google.com\/document\/d\/1LpfZxD2T_hjIeSFafJSl67ij3qJjehz_\/edit\"><span style=\"color: #800000;\">Ficha de avalia\u00e7\u00e3o de inicia\u00e7\u00e3o ao TCC e TCC<\/span><\/a>&nbsp;<\/strong><\/span><\/h5>\n<h5><a href=\"https:\/\/drive.google.com\/file\/d\/16pYVMY5E18DZ0yy53BAu1tRtEz5GiZYL\/view?usp=sharing\"><strong><span style=\"color: #800000;\">Formul\u00e1rio de Agendamento de TCC <\/span><\/strong><\/a><\/h5>\n<h5><a href=\"https:\/\/drive.google.com\/file\/d\/1bYSxNB_mzm-fy0CLx1BJjuROJCGusEf5\/view?usp=sharing\"><strong><span style=\"color: #800000;\">Termo de aceite de participa\u00e7\u00e3o de banca avaliadora de TCC online&nbsp; (para membros da banca)<\/span><\/strong><\/a><\/h5>\n<h5><a href=\"https:\/\/drive.google.com\/file\/d\/1PVbMgtfQQTpV3gRkIDvibwosX_h39SPn\/view?usp=sharing\"><strong><span style=\"color: #800000;\">Termo de concord\u00e2ncia para defesa online de TCC&nbsp; (para alunos e orientadores)<\/span><\/strong><\/a><\/h5>\n<h5><span style=\"color: #800000;\">Para entrega da vers\u00e3o final<\/span><\/h5>\n<ul>\n<li>\n<h5><span style=\"color: #ff6600;\"><strong><a href=\"https:\/\/drive.google.com\/open?id=1ycbLpXkqoHmyq3LHWzUFtUW836dupmSa\"><span style=\"color: #ff6600;\">Termo de Autoriza\u00e7\u00e3o de publica\u00e7\u00e3o e Declara\u00e7\u00e3o de Autoria &#8211; para biblioteca<\/span><\/a>&nbsp;<\/strong><\/span><\/h5>\n<\/li>\n<li>\n<h5><span style=\"color: #ff6600;\"><strong><a href=\"https:\/\/drive.google.com\/open?id=1IvEr-nNXPHQKltwo0Q_yjqHrZtCGQ_Qy\"><span style=\"color: #ff6600;\">Termo de Autoriza\u00e7\u00e3o para Publica\u00e7\u00e3o de TCC -site faculdade<\/span><\/a>&nbsp;<\/strong><\/span><\/h5>\n<\/li>\n<li>\n<h5><span style=\"color: #ff6600;\"><strong><a href=\"https:\/\/drive.google.com\/file\/d\/1EOkAeHA3lpb893KKidm6Oec5SK9Qolrs\/view?usp=sharing\"><span style=\"color: #ff6600;\">&nbsp;Termo de entrega de TCC (vers\u00e3o final)<\/span><\/a>&nbsp;<\/strong><\/span><\/h5>\n<\/li>\n<\/ul>\n<h5>&nbsp;<\/h5>\n<p>&nbsp;<\/p>\n<hr>\n<p>&nbsp;<\/p>\n<h2>&nbsp;<\/h2>\n<h4>&nbsp;<\/h4>\n<p>&nbsp;<\/p>\n<p>&nbsp;<\/p>\n\n\n<p><\/p>\n<\/div>","protected":false},"excerpt":{"rendered":"<p>Prezados e prezadas discentes, Divulgamos informa\u00e7\u00f5es a respeito das MATR\u00cdCULAS EM INICIA\u00c7\u00c3O AO TCC e TCC PARA O PER\u00cdODO LETIVO 2\/2021 (PL-2). 1. PARA MATR\u00cdCULA \u00c9 NECESS\u00c1RIO: 1.1 TERMO DE ACEITE (acesse link abaixo) devidamente preenchido e assinado. O Termo DEVER\u00c1 SER ENVIADO PELO(A) ORIENTADOR(A), VIA E-MAIL, para: tccfacbio@gmail.com , AT\u00c9 O DIA 12 DE &hellip; <a href=\"https:\/\/biologia.ufpa.br\/?page_id=35\" class=\"more-link\">Continue lendo <span class=\"screen-reader-text\">Portal do TCC<\/span> <span class=\"meta-nav\">&rarr;<\/span><\/a><\/p>\n","protected":false},"author":1,"featured_media":0,"parent":0,"menu_order":0,"comment_status":"closed","ping_status":"closed","template":"","meta":{"ngg_post_thumbnail":0},"_links":{"self":[{"href":"https:\/\/biologia.ufpa.br\/index.php?rest_route=\/wp\/v2\/pages\/35"}],"collection":[{"href":"https:\/\/biologia.ufpa.br\/index.php?rest_route=\/wp\/v2\/pages"}],"about":[{"href":"https:\/\/biologia.ufpa.br\/index.php?rest_route=\/wp\/v2\/types\/page"}],"author":[{"embeddable":true,"href":"https:\/\/biologia.ufpa.br\/index.php?rest_route=\/wp\/v2\/users\/1"}],"replies":[{"embeddable":true,"href":"https:\/\/biologia.ufpa.br\/index.php?rest_route=%2Fwp%2Fv2%2Fcomments&post=35"}],"version-history":[{"count":109,"href":"https:\/\/biologia.ufpa.br\/index.php?rest_route=\/wp\/v2\/pages\/35\/revisions"}],"predecessor-version":[{"id":1197,"href":"https:\/\/biologia.ufpa.br\/index.php?rest_route=\/wp\/v2\/pages\/35\/revisions\/1197"}],"wp:attachment":[{"href":"https:\/\/biologia.ufpa.br\/index.php?rest_route=%2Fwp%2Fv2%2Fmedia&parent=35"}],"curies":[{"name":"wp","href":"https:\/\/api.w.org\/{rel}","templated":true}]}}