{"id":45,"date":"2011-12-05T01:55:59","date_gmt":"2011-12-05T01:55:59","guid":{"rendered":"http:\/\/biologia.ufpa.br\/?page_id=45"},"modified":"2020-09-25T16:17:02","modified_gmt":"2020-09-25T16:17:02","slug":"contato-e-solicitacoes","status":"publish","type":"page","link":"https:\/\/biologia.ufpa.br\/?page_id=45","title":{"rendered":"Contato Institucional"},"content":{"rendered":"<div style=\"background-repeat: no-repeat;\"><h5>DIRE\u00c7\u00c3O<\/h5>\n<p><strong>Diretor:<\/strong> Prof. Dr. Rosildo Santos Paiva &#8211; email: rpaiva@ufpa.br<\/p>\n<p><strong>Vice:<\/strong> Profa. Dra. Roberta de Melo Valente &#8211;&nbsp; email: rvalente@ufpa.br<\/p>\n<div style=\"width: 45%; float: left;\">\n<div id=\"comp-iwcb7y6l\" class=\"txtNew\" style=\"color: #000000;\" data-reactid=\".0.$SITE_ROOT.$desktop_siteRoot.$PAGES_CONTAINER.1.1.$SITE_PAGES.$cee5_DESKTOP.1.$comp-iwcb7y6l\">\n<h5 class=\"font_8\" style=\"color: #030303;\"><strong>SECRETARIA:<\/strong><\/h5>\n<p><strong>Servidoras: <\/strong>Kariane de Souza Amorim e&nbsp; Giselle Mendes de Sousa<\/p>\n<p><strong>Estagi\u00e1ria:&nbsp; <\/strong>Evelly Moura<\/p>\n<p class=\"font_8\" style=\"color: #030303;\"><strong style=\"color: #030303;\">Telefone:<\/strong><span style=\"color: #030303;\"> 3201-7724&nbsp;<\/span><\/p>\n<p><strong style=\"color: #030303;\">E-mail:<\/strong><span style=\"color: #030303;\"> fcbsec_icb@ufpa.br<\/span><\/p>\n<p><strong style=\"color: #030303;\">Hor\u00e1rio de Atendimento:<\/strong><span style=\"color: #030303;\"> 08h \u00e0s 12h e 13h \u00e0s 18h<\/span><\/p>\n<p><strong style=\"color: #030303;\">Colaborador do Site:<\/strong><span style=\"color: #030303;\">&nbsp;Breno Ribeiro<\/span><\/p>\n<p>&nbsp;<\/p>\n<address class=\"font_8\" style=\"color: #030303;\"><strong>Endere\u00e7o:<\/strong><\/address>\n<address class=\"font_8\" style=\"color: #030303;\">Campus Universit\u00e1rio do Guam\u00e1<\/address>\n<address class=\"font_8\" style=\"color: #030303;\">Rua Augusto Corr\u00eaa, N. 1<\/address>\n<address class=\"font_8\" style=\"color: #030303;\">Instituto de Ci\u00eancias Biol\u00f3gicas-Campus B\u00e1sico<\/address>\n<address class=\"font_8\" style=\"color: #030303;\">CEP:66075-110<\/address>\n<address class=\"font_8\" style=\"color: #030303;\">&nbsp;<\/address>\n<address class=\"font_8\" style=\"color: #030303;\">&nbsp;<img src=\"http:\/\/biologia.ufpa.br\/wp-content\/gallery\/fotos%20icb\/INSTITUTO%20DE%20CI%C3%8ANCIAS%20BIOL%C3%93GICAS%20-%20PAVILH%C3%83O%20DOS%20LABORAT%C3%93RIOS%20DE%20PESQUISA%20E%20ADMINISTRA%C3%87%C3%83O.JPG?i=346382796\" alt=\"\"><\/address>\n<address class=\"font_8\" style=\"color: #030303;\">&nbsp;<\/address>\n<address class=\"font_8\" style=\"color: #030303;\">&nbsp;<\/address>\n<address class=\"font_8\" style=\"color: #030303;\">&nbsp;<\/address>\n<\/div>\n<\/div>\n<\/div>","protected":false},"excerpt":{"rendered":"<p>DIRE\u00c7\u00c3O Diretor: Prof. Dr. Rosildo Santos Paiva &#8211; email: rpaiva@ufpa.br Vice: Profa. Dra. Roberta de Melo Valente &#8211;&nbsp; email: rvalente@ufpa.br SECRETARIA: Servidoras: Kariane de Souza Amorim e&nbsp; Giselle Mendes de Sousa Estagi\u00e1ria:&nbsp; Evelly Moura Telefone: 3201-7724&nbsp; E-mail: fcbsec_icb@ufpa.br Hor\u00e1rio de Atendimento: 08h \u00e0s 12h e 13h \u00e0s 18h Colaborador do Site:&nbsp;Breno Ribeiro &nbsp; Endere\u00e7o: Campus &hellip; <a href=\"https:\/\/biologia.ufpa.br\/?page_id=45\" class=\"more-link\">Continue lendo <span class=\"screen-reader-text\">Contato Institucional<\/span> <span class=\"meta-nav\">&rarr;<\/span><\/a><\/p>\n","protected":false},"author":1,"featured_media":0,"parent":0,"menu_order":0,"comment_status":"closed","ping_status":"closed","template":"","meta":{"ngg_post_thumbnail":0},"_links":{"self":[{"href":"https:\/\/biologia.ufpa.br\/index.php?rest_route=\/wp\/v2\/pages\/45"}],"collection":[{"href":"https:\/\/biologia.ufpa.br\/index.php?rest_route=\/wp\/v2\/pages"}],"about":[{"href":"https:\/\/biologia.ufpa.br\/index.php?rest_route=\/wp\/v2\/types\/page"}],"author":[{"embeddable":true,"href":"https:\/\/biologia.ufpa.br\/index.php?rest_route=\/wp\/v2\/users\/1"}],"replies":[{"embeddable":true,"href":"https:\/\/biologia.ufpa.br\/index.php?rest_route=%2Fwp%2Fv2%2Fcomments&post=45"}],"version-history":[{"count":44,"href":"https:\/\/biologia.ufpa.br\/index.php?rest_route=\/wp\/v2\/pages\/45\/revisions"}],"predecessor-version":[{"id":1148,"href":"https:\/\/biologia.ufpa.br\/index.php?rest_route=\/wp\/v2\/pages\/45\/revisions\/1148"}],"wp:attachment":[{"href":"https:\/\/biologia.ufpa.br\/index.php?rest_route=%2Fwp%2Fv2%2Fmedia&parent=45"}],"curies":[{"name":"wp","href":"https:\/\/api.w.org\/{rel}","templated":true}]}}