{"id":50,"date":"2011-12-05T02:17:13","date_gmt":"2011-12-05T02:17:13","guid":{"rendered":"http:\/\/biologia.ufpa.br\/?page_id=50"},"modified":"2017-08-24T17:30:12","modified_gmt":"2017-08-24T17:30:12","slug":"banco-de-imagens","status":"publish","type":"page","link":"https:\/\/biologia.ufpa.br\/?page_id=50","title":{"rendered":"Banco de Imagens"},"content":{"rendered":"<div style=\"background-repeat: no-repeat;\"><p>II Concurso de Fotografias da Faculdade de Biologia. Conhe\u00e7a as fotografias selecionadas: <!-- index.php -->\n<div\n\tclass=\"ngg-galleryoverview ngg-ajax-pagination-none\"\n\tid=\"ngg-gallery-a61ea56ea9918c6371a810258b94bdd8-1\">\n\n    \t<div class=\"slideshowlink\">\n        <a href='https:\/\/biologia.ufpa.br\/index.php\/nggallery\/slideshow?page_id=50'>[Show as slideshow]<\/a>\n\t\t\n\t<\/div>\n\t\t\t<!-- Thumbnails -->\n\t\t\t\t<div id=\"ngg-image-0\" class=\"ngg-gallery-thumbnail-box\" >\n\t\t\t\t        <div class=\"ngg-gallery-thumbnail\">\n            <a href=\"https:\/\/biologia.ufpa.br\/wp-content\/gallery\/fotografias-concurso\/meno-3.jpg\"\n               title=\"Ang\u00e9lica L\u00facia Figueiredo Rodrigues\r\nT\u00edtulo: Resist\u00eancia da natureza, Camar\u00e1 de Marapanim (Par\u00e1), outubro 2006.\"\n               data-src=\"https:\/\/biologia.ufpa.br\/wp-content\/gallery\/fotografias-concurso\/meno-3.jpg\"\n               data-thumbnail=\"https:\/\/biologia.ufpa.br\/wp-content\/gallery\/fotografias-concurso\/thumbs\/thumbs_meno-3.jpg\"\n               data-image-id=\"2\"\n               data-title=\"meno-3\"\n               data-description=\"Ang\u00e9lica L\u00facia Figueiredo Rodrigues\r\nT\u00edtulo: Resist\u00eancia da natureza, Camar\u00e1 de Marapanim (Par\u00e1), outubro 2006.\"\n               data-image-slug=\"meno-3\"\n               class=\"shutterset_a61ea56ea9918c6371a810258b94bdd8\">\n                <img\n                    title=\"meno-3\"\n                    alt=\"meno-3\"\n                    src=\"https:\/\/biologia.ufpa.br\/wp-content\/gallery\/fotografias-concurso\/thumbs\/thumbs_meno-3.jpg\"\n                    width=\"100\"\n                    height=\"75\"\n                    style=\"max-width:100%;\"\n                \/>\n            <\/a>\n        <\/div>\n\t\t\t\t\t\t\t<\/div> \n\t\t\t\n        \n\t\t\t\t<div id=\"ngg-image-1\" class=\"ngg-gallery-thumbnail-box\" >\n\t\t\t\t        <div class=\"ngg-gallery-thumbnail\">\n            <a href=\"https:\/\/biologia.ufpa.br\/wp-content\/gallery\/fotografias-concurso\/primeiro.jpg\"\n               title=\"Evna Mara Moura Gutierrez\r\nSem t\u00edtulo, fevereiro de 2009.\"\n               data-src=\"https:\/\/biologia.ufpa.br\/wp-content\/gallery\/fotografias-concurso\/primeiro.jpg\"\n               data-thumbnail=\"https:\/\/biologia.ufpa.br\/wp-content\/gallery\/fotografias-concurso\/thumbs\/thumbs_primeiro.jpg\"\n               data-image-id=\"3\"\n               data-title=\"primeiro\"\n               data-description=\"Evna Mara Moura Gutierrez\r\nSem t\u00edtulo, fevereiro de 2009.\"\n               data-image-slug=\"primeiro\"\n               class=\"shutterset_a61ea56ea9918c6371a810258b94bdd8\">\n                <img\n                    title=\"primeiro\"\n                    alt=\"primeiro\"\n                    src=\"https:\/\/biologia.ufpa.br\/wp-content\/gallery\/fotografias-concurso\/thumbs\/thumbs_primeiro.jpg\"\n                    width=\"100\"\n                    height=\"75\"\n                    style=\"max-width:100%;\"\n                \/>\n            <\/a>\n        <\/div>\n\t\t\t\t\t\t\t<\/div> \n\t\t\t\n        \n\t\t\t\t<div id=\"ngg-image-2\" class=\"ngg-gallery-thumbnail-box\" >\n\t\t\t\t        <div class=\"ngg-gallery-thumbnail\">\n            <a href=\"https:\/\/biologia.ufpa.br\/wp-content\/gallery\/fotografias-concurso\/segundo.jpg\"\n               title=\"Luis Fernando Teixeira Nascimento\r\nT\u00edtulo: Beleza e cores, Santa B\u00e1rbara (PA), outubro de 2011.\"\n               data-src=\"https:\/\/biologia.ufpa.br\/wp-content\/gallery\/fotografias-concurso\/segundo.jpg\"\n               data-thumbnail=\"https:\/\/biologia.ufpa.br\/wp-content\/gallery\/fotografias-concurso\/thumbs\/thumbs_segundo.jpg\"\n               data-image-id=\"4\"\n               data-title=\"segundo\"\n               data-description=\"Luis Fernando Teixeira Nascimento\r\nT\u00edtulo: Beleza e cores, Santa B\u00e1rbara (PA), outubro de 2011.\"\n               data-image-slug=\"segundo\"\n               class=\"shutterset_a61ea56ea9918c6371a810258b94bdd8\">\n                <img\n                    title=\"segundo\"\n                    alt=\"segundo\"\n                    src=\"https:\/\/biologia.ufpa.br\/wp-content\/gallery\/fotografias-concurso\/thumbs\/thumbs_segundo.jpg\"\n                    width=\"100\"\n                    height=\"75\"\n                    style=\"max-width:100%;\"\n                \/>\n            <\/a>\n        <\/div>\n\t\t\t\t\t\t\t<\/div> \n\t\t\t\n        \n\t\t\t\t<div id=\"ngg-image-3\" class=\"ngg-gallery-thumbnail-box\" >\n\t\t\t\t        <div class=\"ngg-gallery-thumbnail\">\n            <a href=\"https:\/\/biologia.ufpa.br\/wp-content\/gallery\/fotografias-concurso\/meno-4.jpg\"\n               title=\"Luis Fernando Teixeira Nascimento\r\nT\u00edtulo: Cuidado da col\u00f4nia, Santa B\u00e1rbara (PA), julho de 2011.\"\n               data-src=\"https:\/\/biologia.ufpa.br\/wp-content\/gallery\/fotografias-concurso\/meno-4.jpg\"\n               data-thumbnail=\"https:\/\/biologia.ufpa.br\/wp-content\/gallery\/fotografias-concurso\/thumbs\/thumbs_meno-4.jpg\"\n               data-image-id=\"5\"\n               data-title=\"meno-4\"\n               data-description=\"Luis Fernando Teixeira Nascimento\r\nT\u00edtulo: Cuidado da col\u00f4nia, Santa B\u00e1rbara (PA), julho de 2011.\"\n               data-image-slug=\"meno-4\"\n               class=\"shutterset_a61ea56ea9918c6371a810258b94bdd8\">\n                <img\n                    title=\"meno-4\"\n                    alt=\"meno-4\"\n                    src=\"https:\/\/biologia.ufpa.br\/wp-content\/gallery\/fotografias-concurso\/thumbs\/thumbs_meno-4.jpg\"\n                    width=\"100\"\n                    height=\"75\"\n                    style=\"max-width:100%;\"\n                \/>\n            <\/a>\n        <\/div>\n\t\t\t\t\t\t\t<\/div> \n\t\t\t\n        \n\t\t\t\t<div id=\"ngg-image-4\" class=\"ngg-gallery-thumbnail-box\" >\n\t\t\t\t        <div class=\"ngg-gallery-thumbnail\">\n            <a href=\"https:\/\/biologia.ufpa.br\/wp-content\/gallery\/fotografias-concurso\/meno.jpg\"\n               title=\"Wander Sacramento da Silva. Sem t\u00edtulo\"\n               data-src=\"https:\/\/biologia.ufpa.br\/wp-content\/gallery\/fotografias-concurso\/meno.jpg\"\n               data-thumbnail=\"https:\/\/biologia.ufpa.br\/wp-content\/gallery\/fotografias-concurso\/thumbs\/thumbs_meno.jpg\"\n               data-image-id=\"6\"\n               data-title=\"meno\"\n               data-description=\"Wander Sacramento da Silva. Sem t\u00edtulo\"\n               data-image-slug=\"meno\"\n               class=\"shutterset_a61ea56ea9918c6371a810258b94bdd8\">\n                <img\n                    title=\"meno\"\n                    alt=\"meno\"\n                    src=\"https:\/\/biologia.ufpa.br\/wp-content\/gallery\/fotografias-concurso\/thumbs\/thumbs_meno.jpg\"\n                    width=\"100\"\n                    height=\"75\"\n                    style=\"max-width:100%;\"\n                \/>\n            <\/a>\n        <\/div>\n\t\t\t\t\t\t\t<\/div> \n\t\t\t\n        \n\t\t\t\t<div id=\"ngg-image-5\" class=\"ngg-gallery-thumbnail-box\" >\n\t\t\t\t        <div class=\"ngg-gallery-thumbnail\">\n            <a href=\"https:\/\/biologia.ufpa.br\/wp-content\/gallery\/fotografias-concurso\/c8fc5480483ed61d533c442294dd3216.jpg\"\n               title=\"\"\n               data-src=\"https:\/\/biologia.ufpa.br\/wp-content\/gallery\/fotografias-concurso\/c8fc5480483ed61d533c442294dd3216.jpg\"\n               data-thumbnail=\"https:\/\/biologia.ufpa.br\/wp-content\/gallery\/fotografias-concurso\/thumbs\/thumbs_c8fc5480483ed61d533c442294dd3216.jpg\"\n               data-image-id=\"83\"\n               data-title=\"c8fc5480483ed61d533c442294dd3216\"\n               data-description=\"\"\n               data-image-slug=\"c8fc5480483ed61d533c442294dd3216\"\n               class=\"shutterset_a61ea56ea9918c6371a810258b94bdd8\">\n                <img\n                    title=\"c8fc5480483ed61d533c442294dd3216\"\n                    alt=\"c8fc5480483ed61d533c442294dd3216\"\n                    src=\"https:\/\/biologia.ufpa.br\/wp-content\/gallery\/fotografias-concurso\/thumbs\/thumbs_c8fc5480483ed61d533c442294dd3216.jpg\"\n                    width=\"100\"\n                    height=\"75\"\n                    style=\"max-width:100%;\"\n                \/>\n            <\/a>\n        <\/div>\n\t\t\t\t\t\t\t<\/div> \n\t\t\t\n        \n\t\t\n\t\t<!-- Pagination -->\n\t<div class='ngg-clear'><\/div>\t<\/div>\n \r\n    <object classid=\"clsid:D27CDB6E-AE6D-11cf-96B8-444553540000\" id=\"swfobj_0\" width=\"400\" height=\"300\">\r\n      <param name=\"movie\" value=\"http:\/\/biologia.ufpa.br\/wp-content\/uploads\/2012\/01\/selecionadas.swf\" \/>\r\n      <!--[if !IE]>-->\r\n      <object type=\"application\/x-shockwave-flash\" data=\"http:\/\/biologia.ufpa.br\/wp-content\/uploads\/2012\/01\/selecionadas.swf\" width=\"400\" height=\"300\">\r\n      <!--<![endif]-->\r\n        \r\n      <!--[if !IE]>-->\r\n      <\/object>\r\n      <!--<![endif]-->\r\n    <\/object>\r\n<\/p>\n<p style=\"text-align: center;\">SOLENIDADE LICENCIATURA E BACHARELADO 2017<\/p>\n<!-- index.php -->\n<div\n\tclass=\"ngg-galleryoverview ngg-ajax-pagination-none\"\n\tid=\"ngg-gallery-2b0c88c8341d9a4cc5ccb5e8e319fe7d-1\">\n\n    \t<div class=\"slideshowlink\">\n        <a href='https:\/\/biologia.ufpa.br\/index.php\/nggallery\/slideshow?page_id=50'>[Show as slideshow]<\/a>\n\t\t\n\t<\/div>\n\t\t\t<!-- Thumbnails -->\n\t\t\t\t<div id=\"ngg-image-0\" class=\"ngg-gallery-thumbnail-box\" >\n\t\t\t\t        <div class=\"ngg-gallery-thumbnail\">\n            <a href=\"https:\/\/biologia.ufpa.br\/wp-content\/gallery\/formandos%20biologia\/51f3986f-8030-499e-9931-4e692e31ffe6.jpg\"\n               title=\"\"\n               data-src=\"https:\/\/biologia.ufpa.br\/wp-content\/gallery\/formandos%20biologia\/51f3986f-8030-499e-9931-4e692e31ffe6.jpg\"\n               data-thumbnail=\"https:\/\/biologia.ufpa.br\/wp-content\/gallery\/formandos%20biologia\/thumbs\/thumbs_51f3986f-8030-499e-9931-4e692e31ffe6.jpg\"\n               data-image-id=\"75\"\n               data-title=\"TURMA DE BACHARELADO 2013\"\n               data-description=\"\"\n               data-image-slug=\"51f3986f-8030-499e-9931-4e692e31ffe6\"\n               class=\"shutterset_2b0c88c8341d9a4cc5ccb5e8e319fe7d\">\n                <img\n                    title=\"TURMA DE BACHARELADO 2013\"\n                    alt=\"TURMA DE BACHARELADO 2013\"\n                    src=\"https:\/\/biologia.ufpa.br\/wp-content\/gallery\/formandos%20biologia\/thumbs\/thumbs_51f3986f-8030-499e-9931-4e692e31ffe6.jpg\"\n                    width=\"100\"\n                    height=\"75\"\n                    style=\"max-width:100%;\"\n                \/>\n            <\/a>\n        <\/div>\n\t\t\t\t\t\t\t<\/div> \n\t\t\t\n        \n\t\t\t\t<div id=\"ngg-image-1\" class=\"ngg-gallery-thumbnail-box\" >\n\t\t\t\t        <div class=\"ngg-gallery-thumbnail\">\n            <a href=\"https:\/\/biologia.ufpa.br\/wp-content\/gallery\/formandos%20biologia\/896e7314-153c-4f34-a432-6bc5e0def1c7.jpg\"\n               title=\"\"\n               data-src=\"https:\/\/biologia.ufpa.br\/wp-content\/gallery\/formandos%20biologia\/896e7314-153c-4f34-a432-6bc5e0def1c7.jpg\"\n               data-thumbnail=\"https:\/\/biologia.ufpa.br\/wp-content\/gallery\/formandos%20biologia\/thumbs\/thumbs_896e7314-153c-4f34-a432-6bc5e0def1c7.jpg\"\n               data-image-id=\"72\"\n               data-title=\"TURMA DE BACHARELADO 2013\"\n               data-description=\"\"\n               data-image-slug=\"896e7314-153c-4f34-a432-6bc5e0def1c7\"\n               class=\"shutterset_2b0c88c8341d9a4cc5ccb5e8e319fe7d\">\n                <img\n                    title=\"TURMA DE BACHARELADO 2013\"\n                    alt=\"TURMA DE BACHARELADO 2013\"\n                    src=\"https:\/\/biologia.ufpa.br\/wp-content\/gallery\/formandos%20biologia\/thumbs\/thumbs_896e7314-153c-4f34-a432-6bc5e0def1c7.jpg\"\n                    width=\"100\"\n                    height=\"75\"\n                    style=\"max-width:100%;\"\n                \/>\n            <\/a>\n        <\/div>\n\t\t\t\t\t\t\t<\/div> \n\t\t\t\n        \n\t\t\t\t<div id=\"ngg-image-2\" class=\"ngg-gallery-thumbnail-box\" >\n\t\t\t\t        <div class=\"ngg-gallery-thumbnail\">\n            <a href=\"https:\/\/biologia.ufpa.br\/wp-content\/gallery\/formandos%20biologia\/a39506aa-3788-46c3-b491-26253f896b41.jpg\"\n               title=\"\"\n               data-src=\"https:\/\/biologia.ufpa.br\/wp-content\/gallery\/formandos%20biologia\/a39506aa-3788-46c3-b491-26253f896b41.jpg\"\n               data-thumbnail=\"https:\/\/biologia.ufpa.br\/wp-content\/gallery\/formandos%20biologia\/thumbs\/thumbs_a39506aa-3788-46c3-b491-26253f896b41.jpg\"\n               data-image-id=\"73\"\n               data-title=\"TURMA DE BACHARELADO 2013\"\n               data-description=\"\"\n               data-image-slug=\"a39506aa-3788-46c3-b491-26253f896b41\"\n               class=\"shutterset_2b0c88c8341d9a4cc5ccb5e8e319fe7d\">\n                <img\n                    title=\"TURMA DE BACHARELADO 2013\"\n                    alt=\"TURMA DE BACHARELADO 2013\"\n                    src=\"https:\/\/biologia.ufpa.br\/wp-content\/gallery\/formandos%20biologia\/thumbs\/thumbs_a39506aa-3788-46c3-b491-26253f896b41.jpg\"\n                    width=\"100\"\n                    height=\"75\"\n                    style=\"max-width:100%;\"\n                \/>\n            <\/a>\n        <\/div>\n\t\t\t\t\t\t\t<\/div> \n\t\t\t\n        \n\t\t\t\t<div id=\"ngg-image-3\" class=\"ngg-gallery-thumbnail-box\" >\n\t\t\t\t        <div class=\"ngg-gallery-thumbnail\">\n            <a href=\"https:\/\/biologia.ufpa.br\/wp-content\/gallery\/formandos%20biologia\/eb9f28bb-9b4a-4216-af70-31cd592a1768.jpg\"\n               title=\"\"\n               data-src=\"https:\/\/biologia.ufpa.br\/wp-content\/gallery\/formandos%20biologia\/eb9f28bb-9b4a-4216-af70-31cd592a1768.jpg\"\n               data-thumbnail=\"https:\/\/biologia.ufpa.br\/wp-content\/gallery\/formandos%20biologia\/thumbs\/thumbs_eb9f28bb-9b4a-4216-af70-31cd592a1768.jpg\"\n               data-image-id=\"74\"\n               data-title=\"TURMA DE LICENCIATURA 2013\"\n               data-description=\"\"\n               data-image-slug=\"eb9f28bb-9b4a-4216-af70-31cd592a1768\"\n               class=\"shutterset_2b0c88c8341d9a4cc5ccb5e8e319fe7d\">\n                <img\n                    title=\"TURMA DE LICENCIATURA 2013\"\n                    alt=\"TURMA DE LICENCIATURA 2013\"\n                    src=\"https:\/\/biologia.ufpa.br\/wp-content\/gallery\/formandos%20biologia\/thumbs\/thumbs_eb9f28bb-9b4a-4216-af70-31cd592a1768.jpg\"\n                    width=\"100\"\n                    height=\"75\"\n                    style=\"max-width:100%;\"\n                \/>\n            <\/a>\n        <\/div>\n\t\t\t\t\t\t\t<\/div> \n\t\t\t\n        \n\t\t\t\t<div id=\"ngg-image-4\" class=\"ngg-gallery-thumbnail-box\" >\n\t\t\t\t        <div class=\"ngg-gallery-thumbnail\">\n            <a href=\"https:\/\/biologia.ufpa.br\/wp-content\/gallery\/formandos%20biologia\/0dc675fc-4276-4bcc-9a69-2f5a9ee8f79b.jpg\"\n               title=\"\"\n               data-src=\"https:\/\/biologia.ufpa.br\/wp-content\/gallery\/formandos%20biologia\/0dc675fc-4276-4bcc-9a69-2f5a9ee8f79b.jpg\"\n               data-thumbnail=\"https:\/\/biologia.ufpa.br\/wp-content\/gallery\/formandos%20biologia\/thumbs\/thumbs_0dc675fc-4276-4bcc-9a69-2f5a9ee8f79b.jpg\"\n               data-image-id=\"71\"\n               data-title=\"TURMA DE LICENCIATURA 2013\"\n               data-description=\"\"\n               data-image-slug=\"0dc675fc-4276-4bcc-9a69-2f5a9ee8f79b\"\n               class=\"shutterset_2b0c88c8341d9a4cc5ccb5e8e319fe7d\">\n                <img\n                    title=\"TURMA DE LICENCIATURA 2013\"\n                    alt=\"TURMA DE LICENCIATURA 2013\"\n                    src=\"https:\/\/biologia.ufpa.br\/wp-content\/gallery\/formandos%20biologia\/thumbs\/thumbs_0dc675fc-4276-4bcc-9a69-2f5a9ee8f79b.jpg\"\n                    width=\"100\"\n                    height=\"75\"\n                    style=\"max-width:100%;\"\n                \/>\n            <\/a>\n        <\/div>\n\t\t\t\t\t\t\t<\/div> \n\t\t\t\n        \n\t\t\n\t\t<!-- Pagination -->\n\t<div class='ngg-clear'><\/div>\t<\/div>\n\n<\/div>","protected":false},"excerpt":{"rendered":"<p>II Concurso de Fotografias da Faculdade de Biologia. Conhe\u00e7a as fotografias selecionadas: SOLENIDADE LICENCIATURA E BACHARELADO 2017<\/p>\n","protected":false},"author":1,"featured_media":0,"parent":0,"menu_order":0,"comment_status":"closed","ping_status":"closed","template":"","meta":{"ngg_post_thumbnail":0},"_links":{"self":[{"href":"https:\/\/biologia.ufpa.br\/index.php?rest_route=\/wp\/v2\/pages\/50"}],"collection":[{"href":"https:\/\/biologia.ufpa.br\/index.php?rest_route=\/wp\/v2\/pages"}],"about":[{"href":"https:\/\/biologia.ufpa.br\/index.php?rest_route=\/wp\/v2\/types\/page"}],"author":[{"embeddable":true,"href":"https:\/\/biologia.ufpa.br\/index.php?rest_route=\/wp\/v2\/users\/1"}],"replies":[{"embeddable":true,"href":"https:\/\/biologia.ufpa.br\/index.php?rest_route=%2Fwp%2Fv2%2Fcomments&post=50"}],"version-history":[{"count":22,"href":"https:\/\/biologia.ufpa.br\/index.php?rest_route=\/wp\/v2\/pages\/50\/revisions"}],"predecessor-version":[{"id":825,"href":"https:\/\/biologia.ufpa.br\/index.php?rest_route=\/wp\/v2\/pages\/50\/revisions\/825"}],"wp:attachment":[{"href":"https:\/\/biologia.ufpa.br\/index.php?rest_route=%2Fwp%2Fv2%2Fmedia&parent=50"}],"curies":[{"name":"wp","href":"https:\/\/api.w.org\/{rel}","templated":true}]}}