{"id":62,"date":"2021-06-10T22:22:00","date_gmt":"2021-06-10T22:22:00","guid":{"rendered":"http:\/\/biologia.ufpa.br\/?page_id=62"},"modified":"2021-06-11T01:36:18","modified_gmt":"2021-06-11T01:36:18","slug":"corpo-docente","status":"publish","type":"page","link":"https:\/\/biologia.ufpa.br\/?page_id=62","title":{"rendered":"Est\u00e1gios"},"content":{"rendered":"<div style=\"background-repeat: no-repeat;\"><p><span data-contrast=\"none\">Prezados e prezadas discentes,<\/span><span data-ccp-props=\"{&quot;201341983&quot;:0,&quot;335559740&quot;:276}\">&nbsp;<\/span><\/p>\n<p>&nbsp;<span data-contrast=\"none\">Divulgamos informa\u00e7\u00f5es a respeito das <span style=\"color: #ff0000;\"><strong>MATR\u00cdCULAS EM EST\u00c1GIOS ROTAT\u00d3RIOS E SUPERVISIONADOS PARA O PER\u00cdODO LETIVO&nbsp;<\/strong><\/span><\/span><span style=\"color: #ff0000;\"><strong>2\/2021 (PL-2<\/strong><\/span><span data-contrast=\"none\"><span style=\"color: #ff0000;\"><strong>)<\/strong><\/span>.&nbsp;&nbsp;<\/span><span data-ccp-props=\"{&quot;201341983&quot;:0,&quot;335559740&quot;:276}\">&nbsp;<\/span><\/p>\n<p>&nbsp;<span data-contrast=\"none\"><strong><span style=\"color: #ff0000;\">O PRAZO DE ENTREGA DOS TERMOS DE ACEITE \u00c9 AT\u00c9 O DIA 12 DE JULHO DE 2021<\/span><\/strong>. A forma de desenvolvimento dos est\u00e1gios (presencial, h\u00edbrida, remota) dever\u00e1 ser informada pelo(a) orientador(a) no termo aceite<\/span><\/p>\n<p><strong>1. PARA MATR\u00cdCULA DE ALUNOS QUE IR\u00c3O DESENVOLVER EST\u00c1GIOS NA UFPA \u00c9 NECESS\u00c1RIO:&nbsp;<\/strong><\/p>\n<p><span data-contrast=\"none\">1.1&nbsp; TERMO DE ACEITE (<a href=\"https:\/\/drive.google.com\/file\/d\/1Z6PoIhOwBC4CLO4dzsV3HRwyfs7EGiS6\/view\">clique aqui<\/a>) devidamente preenchido e assinado. O Termo DEVER\u00c1 SER ENVIADO PELO(A) ORIENTADOR(A), VIA E-MAIL, para: <\/span><a href=\"mailto:fcbsec_icb@ufpa.br\"><span data-contrast=\"none\">fcbsec_icb@ufpa.br<\/span><\/a><span data-contrast=\"none\">.<\/span><span data-ccp-props=\"{&quot;201341983&quot;:0,&quot;335559740&quot;:276}\">&nbsp;<\/span><\/p>\n<p><span data-contrast=\"none\">1.2 O(A) orientador(a) dever\u00e1 ser DOCENTE DA UFPA COM V\u00cdNCULO EFETIVO. <\/span><span data-ccp-props=\"{&quot;201341983&quot;:0,&quot;335559740&quot;:276}\">&nbsp;<\/span><\/p>\n<p><span data-contrast=\"none\"><strong style=\"font-style: italic;\">Acesse a&nbsp; PLANILHA COM OFERTA DE VAGAS DE ORIENTA\u00c7\u00c3O (<i><strong><a href=\"https:\/\/drive.google.com\/file\/d\/1U7Sjt9LWavcZCe5zSa4BNnZ1oKgqMnD8\/view?usp=sharing\">Clique aqui<\/a>)<\/strong><\/i><\/strong><i>. O(a) aluno(a) poder\u00e1 buscar outros orientadores al\u00e9m dos que constam no documento.<\/i><\/span><\/p>\n<p>&nbsp;<\/p>\n<p><strong>2. PARA MATR\u00cdCULA DE ALUNOS QUE IR\u00c3O DESENVOLVER EST\u00c1GIOS EM INSTITUI\u00c7\u00d5ES CONVENIADAS\/CONCEDENTES \u00c9 NECESS\u00c1RIO:&nbsp;<\/strong><\/p>\n<p>&nbsp;<span data-contrast=\"none\">2.1 Envio de Termo de aceite (<a href=\"https:\/\/drive.google.com\/file\/d\/1Z6PoIhOwBC4CLO4dzsV3HRwyfs7EGiS6\/view\">clique aqui<\/a>), devidamente preenchido e assinado. O termo dever\u00e1 ser enviado pelo(a) orientador(a)\/supervisor(a), via e-mail para <\/span><a href=\"mailto:fcbsec_icb@ufpa.br\"><span data-contrast=\"none\">fcbsec_icb@ufpa.br<\/span><\/a><span data-ccp-props=\"{&quot;201341983&quot;:0,&quot;335559740&quot;:276}\">&nbsp;<\/span><\/p>\n<p><span data-contrast=\"none\">2.2 Envio de Termo de compromisso, devidamente preenchido e assinado pelas seguintes partes: Estagi\u00e1rio(a) (aluno que ir\u00e1 desenvolver o est\u00e1gio), representante legal da concedente (diretor da institui\u00e7\u00e3o), institui\u00e7\u00e3o de ensino (diretor da Faculdade de Ci\u00eancias Biol\u00f3gicas), supervisor (respons\u00e1vel por orientar o aluno na realiza\u00e7\u00e3o das atividades). O termo deve ser impresso, assinado de pr\u00f3prio punho e digitalizado, e enviado via e-mail para&nbsp;<\/span><a href=\"mailto:fcbsec_icb@ufpa.br\"><span data-contrast=\"none\">fcbsec_icb@ufpa.br<\/span><\/a><span data-contrast=\"none\">.&nbsp;&nbsp;&nbsp;<\/span><span data-ccp-props=\"{&quot;201341983&quot;:0,&quot;335559740&quot;:276}\">&nbsp;<\/span><\/p>\n<p>&nbsp;<span data-contrast=\"none\">OBS.: As informa\u00e7\u00f5es do termo de compromisso dever\u00e3o ser digitadas (encaminhamos abaixo, link para acesso do arquivo em Word).&nbsp;<\/span><span data-ccp-props=\"{&quot;201341983&quot;:0,&quot;335559740&quot;:276}\">&nbsp;<\/span><\/p>\n<p><span data-contrast=\"none\">2.3 Envio do Plano Semestral de Atividades de Est\u00e1gio Obrigat\u00f3rio;&nbsp;<\/span><span data-ccp-props=\"{&quot;201341983&quot;:0,&quot;335559740&quot;:276}\">&nbsp;<\/span><\/p>\n<p>&nbsp;<span data-contrast=\"none\">2.4 O supervisor de campo\/orientador dever\u00e1 ser PROFISSIONAL COM V\u00cdNCULO EFETIVO.<\/span><span data-ccp-props=\"{&quot;201341983&quot;:0,&quot;335559740&quot;:276}\">&nbsp;<\/span><\/p>\n<p>&nbsp;<span data-contrast=\"none\">OBS.: Ao final do est\u00e1gio nas institui\u00e7\u00f5es conveniadas, \u00e9 necess\u00e1ria o envio de Relat\u00f3rio Semestral de Atividades e Ficha de Avalia\u00e7\u00e3o Est\u00e1gio para a integraliza\u00e7\u00e3o da atividade (link de acesso aos documentos abaixo)<\/span><span data-ccp-props=\"{&quot;201341983&quot;:0,&quot;335559740&quot;:276}\">&nbsp;<\/span><\/p>\n<p>&nbsp;<\/p>\n<h3><strong>Abaixo voc\u00ea confere&nbsp;todos os documentos necess\u00e1rios para&nbsp;os est\u00e1gios obrigat\u00f3rios da&nbsp;&nbsp;Faculdade de Biologia:&nbsp;<\/strong><\/h3>\n<p>&nbsp;<\/p>\n<h5><span style=\"color: #ff00ff;\"><strong>Documento obrigat\u00f3rio para os alunos que desenvolver\u00e3o est\u00e1gio na UFPA<\/strong><\/span><\/h5>\n<h5><strong><a href=\"https:\/\/drive.google.com\/file\/d\/1Z6PoIhOwBC4CLO4dzsV3HRwyfs7EGiS6\/view?usp=sharing\">Termo de aceite de est\u00e1gio rotat\u00f3rio e supervisionado<\/a><\/strong><\/h5>\n<h5>&nbsp;<\/h5>\n<h5><strong><span style=\"color: #ff00ff;\">Documentos obrigat\u00f3rios aos alunos que desenvolver\u00e3o est\u00e1gios em institui\u00e7\u00f5es concedentes\/conveniadas<\/span><\/strong><\/h5>\n<h5>&nbsp;<strong><span style=\"color: #800000;\">Documentos para consulta:<\/span><\/strong><\/h5>\n<ol>\n<li>\n<h5><a href=\"http:\/\/centraldeestagios.ufpa.br\/view\/inicio\/pdfConcedentesPorCurso.php?idCurso=21\"><strong>Lista das institui\u00e7\u00f5es concedentes\/conveniadas<\/strong><\/a>.<\/h5>\n<\/li>\n<\/ol>\n<h5><strong><span style=\"color: #800000;\">Documentos para matr\u00edcula:<\/span><\/strong><strong><span style=\"color: #000080;\">&nbsp;<\/span><\/strong><\/h5>\n<ol>\n<li>\n<h5><strong><a href=\"https:\/\/drive.google.com\/file\/d\/1Z6PoIhOwBC4CLO4dzsV3HRwyfs7EGiS6\/view?usp=sharing\">Termo de aceite de est\u00e1gio rotat\u00f3rio e supervisionado<\/a><\/strong><\/h5>\n<\/li>\n<li>\n<h5><span style=\"color: #000080;\"><strong><span style=\"color: #000080;\"><a href=\"https:\/\/drive.google.com\/open?id=1RvkDyCMwuvTjpJg7qbKeSLhb7w9hhekA\">Termo de compromisso<\/a><\/span><\/strong><\/span><\/h5>\n<\/li>\n<li>\n<h5><span style=\"color: #000080;\"><strong><a href=\"https:\/\/drive.google.com\/open?id=1p81-SoKNAPlvfD7v4cOzsKr06pPM3W3D\">Plano semestral de atividades<\/a>&nbsp;<\/strong><\/span><\/h5>\n<\/li>\n<li>\n<h5><span style=\"color: #000080;\"><strong><a href=\"https:\/\/drive.google.com\/open?id=14c2qdpXulcFgo2YUg_CxuVfpJQZ_RW79\">Formul\u00e1rio para credenciamento de supervisor de campo<\/a>&nbsp;<\/strong><\/span>(somente para os n\u00e3o credenciados)<\/h5>\n<\/li>\n<\/ol>\n<h5><strong><span style=\"color: #800000;\">Documentos para serem entregues ao final do est\u00e1gio<\/span><\/strong>:<\/h5>\n<ol>\n<li>\n<h5><span style=\"color: #3366ff;\"><strong><a href=\"https:\/\/drive.google.com\/open?id=16kstFuG8RQExXi5JtDq8V4Lblcsu8uhH\">Ficha de avalia\u00e7\u00e3o Est\u00e1gio &#8211; conceito<\/a>&nbsp;<\/strong><\/span> (OBS. Dever\u00e1 ser utilizada caso o supervisor n\u00e3o consiga lan\u00e7ar o Conceito pelo SIGAA)<\/h5>\n<\/li>\n<li>\n<h5><span style=\"color: #000080;\"><strong><a href=\"https:\/\/drive.google.com\/open?id=17c1O9kTRf4sroqr9l1ZfjK__JPZ0wPAH\">Relat\u00f3rio Semestral de Atividades<\/a>&nbsp;<\/strong><\/span><\/h5>\n<\/li>\n<\/ol>\n\n\n<p><\/p>\n\n\n\n<p><\/p>\n\n\n\n<p><\/p>\n\n\n\n<h2><strong>Est\u00e1gios Rotat\u00f3rios e Supervisionados<\/strong><\/h2>\n\n\n\n<p>Consistem em diversos est\u00e1gios obrigat\u00f3rios ofertados por diferentes laborat\u00f3rios de pesquisa, ensino ou extens\u00e3o, dentro do pr\u00f3prio ICB ou em Institui\u00e7\u00f5es parceiras de fora da UFPA.<\/p>\n\n\n\n<p>Objetivam conhecer as diferentes atividades de pesquisa, ensino&nbsp; e extens\u00e3o desenvolvidas nas diversas \u00e1reas da Biologia.<\/p>\n\n\n\n<h2><strong>Est\u00e1gios em Doc\u00eancia<\/strong><\/h2>\n\n\n\n<p>Atividades de ensino-pesquisa nos n\u00facleos de aplica\u00e7\u00e3o da UFPA, Escola de aplica\u00e7\u00e3o e NPADC (IEMCI), ou em escola p\u00fablica. A pr\u00e1tica possibilita tanto a inicia\u00e7\u00e3o \u00e0 doc\u00eancia quanto a forma\u00e7\u00e3o continuada dos professores da escola adotada.<\/p>\n<\/div>","protected":false},"excerpt":{"rendered":"<p>Prezados e prezadas discentes,&nbsp; &nbsp;Divulgamos informa\u00e7\u00f5es a respeito das MATR\u00cdCULAS EM EST\u00c1GIOS ROTAT\u00d3RIOS E SUPERVISIONADOS PARA O PER\u00cdODO LETIVO&nbsp;2\/2021 (PL-2).&nbsp;&nbsp;&nbsp; &nbsp;O PRAZO DE ENTREGA DOS TERMOS DE ACEITE \u00c9 AT\u00c9 O DIA 12 DE JULHO DE 2021. A forma de desenvolvimento dos est\u00e1gios (presencial, h\u00edbrida, remota) dever\u00e1 ser informada pelo(a) orientador(a) no termo aceite 1. &hellip; <a href=\"https:\/\/biologia.ufpa.br\/?page_id=62\" class=\"more-link\">Continue lendo <span class=\"screen-reader-text\">Est\u00e1gios<\/span> <span class=\"meta-nav\">&rarr;<\/span><\/a><\/p>\n","protected":false},"author":1,"featured_media":0,"parent":0,"menu_order":0,"comment_status":"closed","ping_status":"closed","template":"","meta":{"ngg_post_thumbnail":0},"_links":{"self":[{"href":"https:\/\/biologia.ufpa.br\/index.php?rest_route=\/wp\/v2\/pages\/62"}],"collection":[{"href":"https:\/\/biologia.ufpa.br\/index.php?rest_route=\/wp\/v2\/pages"}],"about":[{"href":"https:\/\/biologia.ufpa.br\/index.php?rest_route=\/wp\/v2\/types\/page"}],"author":[{"embeddable":true,"href":"https:\/\/biologia.ufpa.br\/index.php?rest_route=\/wp\/v2\/users\/1"}],"replies":[{"embeddable":true,"href":"https:\/\/biologia.ufpa.br\/index.php?rest_route=%2Fwp%2Fv2%2Fcomments&post=62"}],"version-history":[{"count":33,"href":"https:\/\/biologia.ufpa.br\/index.php?rest_route=\/wp\/v2\/pages\/62\/revisions"}],"predecessor-version":[{"id":1194,"href":"https:\/\/biologia.ufpa.br\/index.php?rest_route=\/wp\/v2\/pages\/62\/revisions\/1194"}],"wp:attachment":[{"href":"https:\/\/biologia.ufpa.br\/index.php?rest_route=%2Fwp%2Fv2%2Fmedia&parent=62"}],"curies":[{"name":"wp","href":"https:\/\/api.w.org\/{rel}","templated":true}]}}