{"id":693,"date":"2016-03-29T17:31:26","date_gmt":"2016-03-29T17:31:26","guid":{"rendered":"http:\/\/biologia.ufpa.br\/?page_id=693"},"modified":"2019-07-10T13:36:11","modified_gmt":"2019-07-10T13:36:11","slug":"solicitacoes","status":"publish","type":"page","link":"https:\/\/biologia.ufpa.br\/?page_id=693","title":{"rendered":"Requerimentos"},"content":{"rendered":"<div style=\"background-repeat: no-repeat;\"><p>&nbsp;<\/p>\n<h3 style=\"text-align: justify;\"><strong>Segue o\u00a0formul\u00e1rio abaixo, para Solicita\u00e7\u00f5es de:<\/strong><strong>\u00a02\u00aa chamada,<\/strong><strong>\u00a0Revis\u00e3o de conceitos,<\/strong><strong>\u00a0Aproveitamento de Estudos,<\/strong><strong>\u00a0Revis\u00e3o de Prescri\u00e7\u00e3o<\/strong><strong>\u00a0e outras solicita\u00e7\u00f5es. \u00c9 necess\u00e1rio preencher o documento presente no link abaixo e entregar \u00e0 secretaria da Faculdade de Biologia, exceto para as solicita\u00e7\u00f5es de 2\u00aa chamada que o formul\u00e1rio dever\u00e1 ser preenchido e enviado para o e-mail\u00a0\u00a0<\/strong><strong>fcbsec_icb@ufpa.br.<\/strong><\/h3>\n<p style=\"text-align: center;\"><strong><a title=\"Requerimento\" href=\"https:\/\/drive.google.com\/open?id=1-i7xgQ9YmBTxtWtSgXSYD7NrFXlmXmZi\" target=\"_blank\">REQUERIMENTO ACAD\u00caMICO<\/a><\/strong><\/p>\n<\/div>","protected":false},"excerpt":{"rendered":"<p>&nbsp; Segue o\u00a0formul\u00e1rio abaixo, para Solicita\u00e7\u00f5es de:\u00a02\u00aa chamada,\u00a0Revis\u00e3o de conceitos,\u00a0Aproveitamento de Estudos,\u00a0Revis\u00e3o de Prescri\u00e7\u00e3o\u00a0e outras solicita\u00e7\u00f5es. \u00c9 necess\u00e1rio preencher o documento presente no link abaixo e entregar \u00e0 secretaria da Faculdade de Biologia, exceto para as solicita\u00e7\u00f5es de 2\u00aa chamada que o formul\u00e1rio dever\u00e1 ser preenchido e enviado para o e-mail\u00a0\u00a0fcbsec_icb@ufpa.br. REQUERIMENTO ACAD\u00caMICO<\/p>\n","protected":false},"author":1,"featured_media":0,"parent":0,"menu_order":0,"comment_status":"open","ping_status":"open","template":"","meta":{"ngg_post_thumbnail":0},"_links":{"self":[{"href":"https:\/\/biologia.ufpa.br\/index.php?rest_route=\/wp\/v2\/pages\/693"}],"collection":[{"href":"https:\/\/biologia.ufpa.br\/index.php?rest_route=\/wp\/v2\/pages"}],"about":[{"href":"https:\/\/biologia.ufpa.br\/index.php?rest_route=\/wp\/v2\/types\/page"}],"author":[{"embeddable":true,"href":"https:\/\/biologia.ufpa.br\/index.php?rest_route=\/wp\/v2\/users\/1"}],"replies":[{"embeddable":true,"href":"https:\/\/biologia.ufpa.br\/index.php?rest_route=%2Fwp%2Fv2%2Fcomments&post=693"}],"version-history":[{"count":16,"href":"https:\/\/biologia.ufpa.br\/index.php?rest_route=\/wp\/v2\/pages\/693\/revisions"}],"predecessor-version":[{"id":1078,"href":"https:\/\/biologia.ufpa.br\/index.php?rest_route=\/wp\/v2\/pages\/693\/revisions\/1078"}],"wp:attachment":[{"href":"https:\/\/biologia.ufpa.br\/index.php?rest_route=%2Fwp%2Fv2%2Fmedia&parent=693"}],"curies":[{"name":"wp","href":"https:\/\/api.w.org\/{rel}","templated":true}]}}