{"id":81,"date":"2011-12-16T14:50:49","date_gmt":"2011-12-16T14:50:49","guid":{"rendered":"http:\/\/biologia.ufpa.br\/?page_id=81"},"modified":"2021-02-15T18:05:38","modified_gmt":"2021-02-15T18:05:38","slug":"calendario-academico","status":"publish","type":"page","link":"https:\/\/biologia.ufpa.br\/?page_id=81","title":{"rendered":"Calend\u00e1rio Acad\u00eamico"},"content":{"rendered":"<div style=\"background-repeat: no-repeat;\"><p>Abaixo est\u00e3o dispon\u00edveis os calend\u00e1rios acad\u00eamicos anuais da Universidade Federal do Par\u00e1:<\/p>\n<h6><a href=\"http:\/\/www.proeg.ufpa.br\/images\/Artigos\/Academico\/Calendarios\/Calendario-Academico-UFPA-2021---PROEG---Alterado-em-22-01-21.pdf\">CALEND\u00c1RIO ACAD\u00caMICO 2021<\/a><\/h6>\n<p><span style=\"color: #993300;\"><a style=\"color: #ea9629;\" href=\"http:\/\/www.proeg.ufpa.br\/images\/Artigos\/Noticias\/Calendario%202020_Resolucao_5229_23%2010%202019.pdf\"><span style=\"color: #993300;\">CALEND\u00c1RIO ACAD\u00caMICO 202<\/span><\/a>0<\/span><\/p>\n<p><a href=\"http:\/\/www.proeg.ufpa.br\/images\/Artigos\/Academico\/Calendarios\/Calend%C3%A1rio%20Acad%C3%AAmico%202019_ref.pdf\">CALEND\u00c1RIO ACAD\u00caMICO 2019<\/a><\/p>\n<p><a href=\"http:\/\/www.proeg.ufpa.br\/images\/Artigos\/Academico\/Calendarios\/calend%C3%A1rio%20UFPA%202018.pdf\">CALEND\u00c1RIO ACAD\u00caMICO 2018<\/a><\/p>\n<p><a href=\"http:\/\/www.proeg.ufpa.br\/images\/Artigos\/Academico\/Calendarios\/Calendario_2017%20_novo.pdf\">CALEND\u00c1RIO ACAD\u00caMICO 2017<\/a><\/p>\n<h2><strong>&nbsp;<\/strong><\/h2>\n<\/div>","protected":false},"excerpt":{"rendered":"<p>Abaixo est\u00e3o dispon\u00edveis os calend\u00e1rios acad\u00eamicos anuais da Universidade Federal do Par\u00e1: CALEND\u00c1RIO ACAD\u00caMICO 2021 CALEND\u00c1RIO ACAD\u00caMICO 2020 CALEND\u00c1RIO ACAD\u00caMICO 2019 CALEND\u00c1RIO ACAD\u00caMICO 2018 CALEND\u00c1RIO ACAD\u00caMICO 2017 &nbsp;<\/p>\n","protected":false},"author":1,"featured_media":0,"parent":0,"menu_order":0,"comment_status":"closed","ping_status":"closed","template":"","meta":{"ngg_post_thumbnail":0},"_links":{"self":[{"href":"https:\/\/biologia.ufpa.br\/index.php?rest_route=\/wp\/v2\/pages\/81"}],"collection":[{"href":"https:\/\/biologia.ufpa.br\/index.php?rest_route=\/wp\/v2\/pages"}],"about":[{"href":"https:\/\/biologia.ufpa.br\/index.php?rest_route=\/wp\/v2\/types\/page"}],"author":[{"embeddable":true,"href":"https:\/\/biologia.ufpa.br\/index.php?rest_route=\/wp\/v2\/users\/1"}],"replies":[{"embeddable":true,"href":"https:\/\/biologia.ufpa.br\/index.php?rest_route=%2Fwp%2Fv2%2Fcomments&post=81"}],"version-history":[{"count":28,"href":"https:\/\/biologia.ufpa.br\/index.php?rest_route=\/wp\/v2\/pages\/81\/revisions"}],"predecessor-version":[{"id":1175,"href":"https:\/\/biologia.ufpa.br\/index.php?rest_route=\/wp\/v2\/pages\/81\/revisions\/1175"}],"wp:attachment":[{"href":"https:\/\/biologia.ufpa.br\/index.php?rest_route=%2Fwp%2Fv2%2Fmedia&parent=81"}],"curies":[{"name":"wp","href":"https:\/\/api.w.org\/{rel}","templated":true}]}}